{"id":6862,"date":"2023-11-14T16:50:15","date_gmt":"2023-11-14T16:50:15","guid":{"rendered":"https:\/\/wineembassy.co\/product\/\/"},"modified":"2024-10-29T18:14:59","modified_gmt":"2024-10-29T18:14:59","slug":"pikes-the-merle-riesling","status":"publish","type":"product","link":"https:\/\/wineembassy.co\/es\/product\/pikes-the-merle-riesling\/","title":{"rendered":"Pikes 'The Merle' Riesling"},"content":{"rendered":"<p>Valle de Clare, Australia del Sur<\/p>\n<p>&#8216;The Merle&#8217; se selecciona del mejor vi\u00f1edo de nuestra finca Polish Hill River y presenta el pin\u00e1culo del Riesling en Pikes, mostrando concentraci\u00f3n, sentido del lugar y pureza.<\/p>\n<p>La expresi\u00f3n m\u00e1s pura del Polish Hill Riesling con una m\u00ednima influencia enol\u00f3gica. &#8216;The Merle&#8217; es lo mejor de lo mejor.<\/p>\n<p>Recibimos una peque\u00f1a asignaci\u00f3n para Panam\u00e1.<\/p>\n","protected":false},"excerpt":{"rendered":"<p>Valle de Clare, Australia del Sur<\/p>\n<p>&#8216;The Merle&#8217; se selecciona del mejor vi\u00f1edo de nuestra finca Polish Hill River y presenta el pin\u00e1culo del Riesling en Pikes, mostrando concentraci\u00f3n, sentido del lugar y pureza.<\/p>\n<p>La expresi\u00f3n m\u00e1s pura del Polish Hill Riesling con una m\u00ednima influencia enol\u00f3gica. &#8216;The Merle&#8217; es lo mejor de lo mejor.<\/p>\n<p>Recibimos una peque\u00f1a asignaci\u00f3n para Panam\u00e1.<\/p>\n","protected":false},"featured_media":6868,"template":"","meta":[],"product_brand":[],"product_cat":[98,136,86],"product_tag":[],"class_list":{"0":"post-6862","1":"product","2":"type-product","3":"status-publish","4":"has-post-thumbnail","6":"product_cat-pikes-wines","7":"product_cat-riesling","8":"product_cat-blanco","9":"travel-monster-post","10":"latest_post","12":"first","13":"instock","14":"taxable","15":"shipping-taxable","16":"purchasable","17":"product-type-simple"},"_links":{"self":[{"href":"https:\/\/wineembassy.co\/es\/wp-json\/wp\/v2\/product\/6862","targetHints":{"allow":["GET"]}}],"collection":[{"href":"https:\/\/wineembassy.co\/es\/wp-json\/wp\/v2\/product"}],"about":[{"href":"https:\/\/wineembassy.co\/es\/wp-json\/wp\/v2\/types\/product"}],"wp:featuredmedia":[{"embeddable":true,"href":"https:\/\/wineembassy.co\/es\/wp-json\/wp\/v2\/media\/6868"}],"wp:attachment":[{"href":"https:\/\/wineembassy.co\/es\/wp-json\/wp\/v2\/media?parent=6862"}],"wp:term":[{"taxonomy":"product_brand","embeddable":true,"href":"https:\/\/wineembassy.co\/es\/wp-json\/wp\/v2\/product_brand?post=6862"},{"taxonomy":"product_cat","embeddable":true,"href":"https:\/\/wineembassy.co\/es\/wp-json\/wp\/v2\/product_cat?post=6862"},{"taxonomy":"product_tag","embeddable":true,"href":"https:\/\/wineembassy.co\/es\/wp-json\/wp\/v2\/product_tag?post=6862"}],"curies":[{"name":"wp","href":"https:\/\/api.w.org\/{rel}","templated":true}]}}