{"id":6860,"date":"2023-11-14T16:21:33","date_gmt":"2023-11-14T16:21:33","guid":{"rendered":"https:\/\/wineembassy.co\/product\/\/"},"modified":"2024-10-29T18:22:31","modified_gmt":"2024-10-29T18:22:31","slug":"pikes-hills-valleys-riesling","status":"publish","type":"product","link":"https:\/\/wineembassy.co\/es\/product\/pikes-hills-valleys-riesling\/","title":{"rendered":"Pikes 'Hills & Valleys' Riesling"},"content":{"rendered":"<p><em>Clare Valley, South Australia<\/em><\/p>\n<p>El beb\u00e9 de la selecci\u00f3n de Pikes&#8230; este vino ofrece una fant\u00e1stica relaci\u00f3n calidad-precio y una excelente introducci\u00f3n al Riesling australiano seco.<\/p>\n<p>Presenta frutas jugosas como la lima y las manzanas Granny Smith, tiene sutiles caracteres minerales y de pedernal y un toque de miel. El final es fresco, limpio y persistente y es absolutamente perfecto con mariscos. Servir muy fr\u00edo.<\/p>\n","protected":false},"excerpt":{"rendered":"<p>Clare Valley, South Australia<br \/>\nEl beb\u00e9 de la selecci\u00f3n de Pikes&#8230; este vino ofrece una fant\u00e1stica relaci\u00f3n calidad-precio y una excelente introducci\u00f3n al Riesling australiano seco.<\/p>\n<p>Presenta frutas jugosas como la lima y las manzanas Granny Smith, tiene sutiles caracteres minerales y de pedernal y un toque de miel. El final es fresco, limpio y persistente y es absolutamente perfecto con mariscos. Servir muy fr\u00edo.<\/p>\n","protected":false},"featured_media":6869,"template":"","meta":[],"product_brand":[],"product_cat":[98,136,86],"product_tag":[],"class_list":{"0":"post-6860","1":"product","2":"type-product","3":"status-publish","4":"has-post-thumbnail","6":"product_cat-pikes-wines","7":"product_cat-riesling","8":"product_cat-blanco","9":"travel-monster-post","10":"latest_post","12":"first","13":"outofstock","14":"taxable","15":"shipping-taxable","16":"purchasable","17":"product-type-simple"},"_links":{"self":[{"href":"https:\/\/wineembassy.co\/es\/wp-json\/wp\/v2\/product\/6860","targetHints":{"allow":["GET"]}}],"collection":[{"href":"https:\/\/wineembassy.co\/es\/wp-json\/wp\/v2\/product"}],"about":[{"href":"https:\/\/wineembassy.co\/es\/wp-json\/wp\/v2\/types\/product"}],"wp:featuredmedia":[{"embeddable":true,"href":"https:\/\/wineembassy.co\/es\/wp-json\/wp\/v2\/media\/6869"}],"wp:attachment":[{"href":"https:\/\/wineembassy.co\/es\/wp-json\/wp\/v2\/media?parent=6860"}],"wp:term":[{"taxonomy":"product_brand","embeddable":true,"href":"https:\/\/wineembassy.co\/es\/wp-json\/wp\/v2\/product_brand?post=6860"},{"taxonomy":"product_cat","embeddable":true,"href":"https:\/\/wineembassy.co\/es\/wp-json\/wp\/v2\/product_cat?post=6860"},{"taxonomy":"product_tag","embeddable":true,"href":"https:\/\/wineembassy.co\/es\/wp-json\/wp\/v2\/product_tag?post=6860"}],"curies":[{"name":"wp","href":"https:\/\/api.w.org\/{rel}","templated":true}]}}