{"id":5115,"date":"2023-02-03T15:46:36","date_gmt":"2023-02-03T15:46:36","guid":{"rendered":"https:\/\/miniwebspanama.com\/wineembassy\/product\/\/"},"modified":"2024-10-29T18:23:23","modified_gmt":"2024-10-29T18:23:23","slug":"yalumba-distinguished-sites-paradox-shiraz","status":"publish","type":"product","link":"https:\/\/wineembassy.co\/es\/product\/yalumba-distinguished-sites-paradox-shiraz\/","title":{"rendered":"Yalumba Distinguished Sites \u2013 Paradox Shiraz"},"content":{"rendered":"<p>Un paladar generoso con un mont\u00f3n de boysenberry, chocolate y pastel de ciruelas. El vino tiene una textura sedosa y termina con taninos aterciopelados, lo que lo convierte en una delicia para beber. Las uvas Shiraz se recolectan antes que la mayor\u00eda en la regi\u00f3n, para obtener sabores m\u00e1s especiados, una sensaci\u00f3n en boca m\u00e1s suave y un porcentaje de alcohol ligeramente m\u00e1s bajo. El Paradox se madura durante 15 meses en roble franc\u00e9s nuevo y viejo.<\/p>\n","protected":false},"excerpt":{"rendered":"<p>Un paladar generoso con un mont\u00f3n de boysenberry, chocolate y pastel de ciruelas. El vino tiene una textura sedosa y termina con taninos aterciopelados, lo que lo convierte en una delicia para beber. Las uvas Shiraz se recolectan antes que la mayor\u00eda en la regi\u00f3n, para obtener sabores m\u00e1s especiados, una sensaci\u00f3n en boca m\u00e1s suave y un porcentaje de alcohol ligeramente m\u00e1s bajo. El Paradox se madura durante 15 meses en roble franc\u00e9s nuevo y viejo.<\/p>\n","protected":false},"featured_media":5116,"template":"","meta":[],"product_brand":[],"product_cat":[134,95],"product_tag":[],"class_list":{"0":"post-5115","1":"product","2":"type-product","3":"status-publish","4":"has-post-thumbnail","6":"product_cat-shiraz-blends","7":"product_cat-yalumba-distinguished-sites","8":"travel-monster-post","9":"latest_post","11":"first","12":"outofstock","13":"taxable","14":"shipping-taxable","15":"purchasable","16":"product-type-simple"},"_links":{"self":[{"href":"https:\/\/wineembassy.co\/es\/wp-json\/wp\/v2\/product\/5115","targetHints":{"allow":["GET"]}}],"collection":[{"href":"https:\/\/wineembassy.co\/es\/wp-json\/wp\/v2\/product"}],"about":[{"href":"https:\/\/wineembassy.co\/es\/wp-json\/wp\/v2\/types\/product"}],"wp:featuredmedia":[{"embeddable":true,"href":"https:\/\/wineembassy.co\/es\/wp-json\/wp\/v2\/media\/5116"}],"wp:attachment":[{"href":"https:\/\/wineembassy.co\/es\/wp-json\/wp\/v2\/media?parent=5115"}],"wp:term":[{"taxonomy":"product_brand","embeddable":true,"href":"https:\/\/wineembassy.co\/es\/wp-json\/wp\/v2\/product_brand?post=5115"},{"taxonomy":"product_cat","embeddable":true,"href":"https:\/\/wineembassy.co\/es\/wp-json\/wp\/v2\/product_cat?post=5115"},{"taxonomy":"product_tag","embeddable":true,"href":"https:\/\/wineembassy.co\/es\/wp-json\/wp\/v2\/product_tag?post=5115"}],"curies":[{"name":"wp","href":"https:\/\/api.w.org\/{rel}","templated":true}]}}