{"id":5112,"date":"2023-02-03T15:28:59","date_gmt":"2023-02-03T15:28:59","guid":{"rendered":"https:\/\/miniwebspanama.com\/wineembassy\/product\/\/"},"modified":"2024-10-29T18:23:37","modified_gmt":"2024-10-29T18:23:37","slug":"yalumba-y-series-riesling","status":"publish","type":"product","link":"https:\/\/wineembassy.co\/es\/product\/yalumba-y-series-riesling\/","title":{"rendered":"Yalumba Y Series Riesling"},"content":{"rendered":"<p style=\"font-weight: 400;\">Un vino realmente bueno, este estilo de Riesling seco australiano va a ser extremadamente popular en el clima de Panam\u00e1. Seco, crujiente con sabores de c\u00edtricos y una acidez brillante y fresca. Perfecto con todos los mariscos y se sirve muy fr\u00edo para combinar con nuestro clima c\u00e1lido.&nbsp;Delicioso.<\/p>\n","protected":false},"excerpt":{"rendered":"<p>Un vino realmente bueno, este estilo de Riesling seco australiano va a ser extremadamente popular en el clima de Panam\u00e1. Seco, crujiente con sabores de c\u00edtricos y una acidez brillante y fresca. Perfecto con todos los mariscos y se sirve muy fr\u00edo para combinar con nuestro clima c\u00e1lido. Delicioso.<\/p>\n","protected":false},"featured_media":4975,"template":"","meta":[],"product_brand":[],"product_cat":[136,86,93],"product_tag":[],"class_list":{"0":"post-5112","1":"product","2":"type-product","3":"status-publish","4":"has-post-thumbnail","6":"product_cat-riesling","7":"product_cat-blanco","8":"product_cat-yalumba-y-series","9":"travel-monster-post","10":"latest_post","12":"first","13":"instock","14":"taxable","15":"shipping-taxable","16":"purchasable","17":"product-type-simple"},"_links":{"self":[{"href":"https:\/\/wineembassy.co\/es\/wp-json\/wp\/v2\/product\/5112","targetHints":{"allow":["GET"]}}],"collection":[{"href":"https:\/\/wineembassy.co\/es\/wp-json\/wp\/v2\/product"}],"about":[{"href":"https:\/\/wineembassy.co\/es\/wp-json\/wp\/v2\/types\/product"}],"wp:featuredmedia":[{"embeddable":true,"href":"https:\/\/wineembassy.co\/es\/wp-json\/wp\/v2\/media\/4975"}],"wp:attachment":[{"href":"https:\/\/wineembassy.co\/es\/wp-json\/wp\/v2\/media?parent=5112"}],"wp:term":[{"taxonomy":"product_brand","embeddable":true,"href":"https:\/\/wineembassy.co\/es\/wp-json\/wp\/v2\/product_brand?post=5112"},{"taxonomy":"product_cat","embeddable":true,"href":"https:\/\/wineembassy.co\/es\/wp-json\/wp\/v2\/product_cat?post=5112"},{"taxonomy":"product_tag","embeddable":true,"href":"https:\/\/wineembassy.co\/es\/wp-json\/wp\/v2\/product_tag?post=5112"}],"curies":[{"name":"wp","href":"https:\/\/api.w.org\/{rel}","templated":true}]}}