{"id":4995,"date":"2023-02-01T18:38:54","date_gmt":"2023-02-01T18:38:54","guid":{"rendered":"https:\/\/miniwebspanama.com\/wineembassy\/?post_type=product&#038;p=4995"},"modified":"2024-10-29T18:24:33","modified_gmt":"2024-10-29T18:24:33","slug":"yalumba-samuels-collection-shiraz-cabernet","status":"publish","type":"product","link":"https:\/\/wineembassy.co\/es\/product\/samuels-collection-shiraz-cabernet\/","title":{"rendered":"Samuels Collection Shiraz Cabernet"},"content":{"rendered":"<p>Procedente de vi\u00f1edos de Barossa con vi\u00f1edos que var\u00edan en edad de 10 a m\u00e1s de 35 a\u00f1os. El vino se abre con aromas frescos y brillantes de ciruelas de color rojo oscuro, cerezas y sabores inquietantes de chocolate negro de Shiraz, entrelazados con los sabores de grosella roja y cedro del Cabernet Sauvignon. En boca es rico, carnoso y generoso, pero suave y flexible. Los sabores ricos y equilibrados permanecen durante todo el final.<\/p>\n","protected":false},"excerpt":{"rendered":"<p>Procedente de vi\u00f1edos de Barossa con vi\u00f1edos que var\u00edan en edad de 10 a m\u00e1s de 35 a\u00f1os. El vino se abre con aromas frescos y brillantes de ciruelas de color rojo oscuro, cerezas y sabores inquietantes de chocolate negro de Shiraz, entrelazados con los sabores de grosella roja y cedro del Cabernet Sauvignon. En boca es rico, carnoso y generoso, pero suave y flexible. Los sabores ricos y equilibrados permanecen durante todo el final.<\/p>\n","protected":false},"featured_media":4970,"template":"","meta":[],"product_brand":[],"product_cat":[133,85,134,91],"product_tag":[],"class_list":{"0":"post-4995","1":"product","2":"type-product","3":"status-publish","4":"has-post-thumbnail","6":"product_cat-cabernet-blends","7":"product_cat-rojo","8":"product_cat-shiraz-blends","9":"product_cat-yalumba-samuels-collection","10":"travel-monster-post","11":"latest_post","13":"first","14":"instock","15":"taxable","16":"shipping-taxable","17":"purchasable","18":"product-type-simple"},"_links":{"self":[{"href":"https:\/\/wineembassy.co\/es\/wp-json\/wp\/v2\/product\/4995","targetHints":{"allow":["GET"]}}],"collection":[{"href":"https:\/\/wineembassy.co\/es\/wp-json\/wp\/v2\/product"}],"about":[{"href":"https:\/\/wineembassy.co\/es\/wp-json\/wp\/v2\/types\/product"}],"wp:featuredmedia":[{"embeddable":true,"href":"https:\/\/wineembassy.co\/es\/wp-json\/wp\/v2\/media\/4970"}],"wp:attachment":[{"href":"https:\/\/wineembassy.co\/es\/wp-json\/wp\/v2\/media?parent=4995"}],"wp:term":[{"taxonomy":"product_brand","embeddable":true,"href":"https:\/\/wineembassy.co\/es\/wp-json\/wp\/v2\/product_brand?post=4995"},{"taxonomy":"product_cat","embeddable":true,"href":"https:\/\/wineembassy.co\/es\/wp-json\/wp\/v2\/product_cat?post=4995"},{"taxonomy":"product_tag","embeddable":true,"href":"https:\/\/wineembassy.co\/es\/wp-json\/wp\/v2\/product_tag?post=4995"}],"curies":[{"name":"wp","href":"https:\/\/api.w.org\/{rel}","templated":true}]}}