{"id":4991,"date":"2023-02-01T18:27:30","date_gmt":"2023-02-01T18:27:30","guid":{"rendered":"https:\/\/miniwebspanama.com\/wineembassy\/?post_type=product&#038;p=4991"},"modified":"2024-10-29T18:48:10","modified_gmt":"2024-10-29T18:48:10","slug":"yalumba-y-series-chardonnay","status":"publish","type":"product","link":"https:\/\/wineembassy.co\/es\/product\/yalumba-y-series-chardonnay\/","title":{"rendered":"Yalumba Y Series Chardonnay"},"content":{"rendered":"<p><em>South Australia<br \/>\n<\/em><br \/>\nUn Chardonnay refrescante que se relame los labios. La naturaleza hace el trabajo con una m\u00ednima intervenci\u00f3n del en\u00f3logo y sin influencia del roble. Este Chardonnay es puro y fresco, con una sutil complejidad de la fermentaci\u00f3n de levadura 100% salvaje.<\/p>\n","protected":false},"excerpt":{"rendered":"<p>Un Chardonnay refrescante que se relame los labios. La naturaleza hace el trabajo con una m\u00ednima intervenci\u00f3n del en\u00f3logo y sin influencia del roble. Este Chardonnay es puro y fresco, con una sutil complejidad de la fermentaci\u00f3n de levadura 100% salvaje. <\/p>\n","protected":false},"featured_media":4973,"template":"","meta":[],"product_brand":[],"product_cat":[135,89,86,93],"product_tag":[],"class_list":{"0":"post-4991","1":"product","2":"type-product","3":"status-publish","4":"has-post-thumbnail","6":"product_cat-chardonnay","7":"product_cat-latest-deals","8":"product_cat-blanco","9":"product_cat-yalumba-y-series","10":"travel-monster-post","11":"latest_post","13":"first","14":"instock","15":"sale","16":"featured","17":"taxable","18":"shipping-taxable","19":"purchasable","20":"product-type-simple"},"_links":{"self":[{"href":"https:\/\/wineembassy.co\/es\/wp-json\/wp\/v2\/product\/4991","targetHints":{"allow":["GET"]}}],"collection":[{"href":"https:\/\/wineembassy.co\/es\/wp-json\/wp\/v2\/product"}],"about":[{"href":"https:\/\/wineembassy.co\/es\/wp-json\/wp\/v2\/types\/product"}],"wp:featuredmedia":[{"embeddable":true,"href":"https:\/\/wineembassy.co\/es\/wp-json\/wp\/v2\/media\/4973"}],"wp:attachment":[{"href":"https:\/\/wineembassy.co\/es\/wp-json\/wp\/v2\/media?parent=4991"}],"wp:term":[{"taxonomy":"product_brand","embeddable":true,"href":"https:\/\/wineembassy.co\/es\/wp-json\/wp\/v2\/product_brand?post=4991"},{"taxonomy":"product_cat","embeddable":true,"href":"https:\/\/wineembassy.co\/es\/wp-json\/wp\/v2\/product_cat?post=4991"},{"taxonomy":"product_tag","embeddable":true,"href":"https:\/\/wineembassy.co\/es\/wp-json\/wp\/v2\/product_tag?post=4991"}],"curies":[{"name":"wp","href":"https:\/\/api.w.org\/{rel}","templated":true}]}}