{"id":4988,"date":"2023-02-01T18:23:02","date_gmt":"2023-02-01T18:23:02","guid":{"rendered":"https:\/\/miniwebspanama.com\/wineembassy\/?post_type=product&#038;p=4988"},"modified":"2023-11-14T15:37:56","modified_gmt":"2023-11-14T15:37:56","slug":"yalumba-y-series-rose","status":"publish","type":"product","link":"https:\/\/wineembassy.co\/es\/product\/yalumba-y-series-rose\/","title":{"rendered":"Yalumba Y Series Rose"},"content":{"rendered":"<p>De color rosa coral brillante. Un vino arom\u00e1tico que muestra fresas y nata, sand\u00eda con toques de jazm\u00edn y naranja sanguina. Un paladar fresco y jugoso con abundancia de sand\u00eda, pomelo rosado y fresa.<\/p>\n","protected":false},"excerpt":{"rendered":"<p>De color rosa coral brillante. Un vino arom\u00e1tico que muestra fresas y nata, sand\u00eda con toques de jazm\u00edn y naranja sanguina. Un paladar fresco y jugoso con abundancia de sand\u00eda, pomelo rosado y fresa.<\/p>\n","protected":false},"featured_media":4976,"template":"","meta":[],"product_brand":[],"product_cat":[93],"product_tag":[],"class_list":{"0":"post-4988","1":"product","2":"type-product","3":"status-publish","4":"has-post-thumbnail","6":"product_cat-yalumba-y-series","7":"travel-monster-post","8":"latest_post","10":"first","11":"outofstock","12":"taxable","13":"shipping-taxable","14":"purchasable","15":"product-type-simple"},"_links":{"self":[{"href":"https:\/\/wineembassy.co\/es\/wp-json\/wp\/v2\/product\/4988","targetHints":{"allow":["GET"]}}],"collection":[{"href":"https:\/\/wineembassy.co\/es\/wp-json\/wp\/v2\/product"}],"about":[{"href":"https:\/\/wineembassy.co\/es\/wp-json\/wp\/v2\/types\/product"}],"wp:featuredmedia":[{"embeddable":true,"href":"https:\/\/wineembassy.co\/es\/wp-json\/wp\/v2\/media\/4976"}],"wp:attachment":[{"href":"https:\/\/wineembassy.co\/es\/wp-json\/wp\/v2\/media?parent=4988"}],"wp:term":[{"taxonomy":"product_brand","embeddable":true,"href":"https:\/\/wineembassy.co\/es\/wp-json\/wp\/v2\/product_brand?post=4988"},{"taxonomy":"product_cat","embeddable":true,"href":"https:\/\/wineembassy.co\/es\/wp-json\/wp\/v2\/product_cat?post=4988"},{"taxonomy":"product_tag","embeddable":true,"href":"https:\/\/wineembassy.co\/es\/wp-json\/wp\/v2\/product_tag?post=4988"}],"curies":[{"name":"wp","href":"https:\/\/api.w.org\/{rel}","templated":true}]}}