{"id":4845,"date":"2023-01-26T23:14:34","date_gmt":"2023-01-26T23:14:34","guid":{"rendered":"https:\/\/miniwebspanama.com\/wineembassy\/?post_type=product&#038;p=4845"},"modified":"2024-10-29T18:25:27","modified_gmt":"2024-10-29T18:25:27","slug":"pitchfork-cabernet-merlot","status":"publish","type":"product","link":"https:\/\/wineembassy.co\/es\/product\/pitchfork-cabernet-merlot\/","title":{"rendered":"Pitchfork Cabernet Merlot"},"content":{"rendered":"<p style=\"font-weight: 400;\">Esta mezcla tradicional de las dos variedades de uva cl\u00e1sicas est\u00e1 dise\u00f1ada para producir un vino con un perfil de paladar completo. Las bayas maduras con notas de chocolate y menta t\u00edpicas de Margaret River Cabernet Sauvignon dominan el vino con una impresionante carnosidad en el paladar medio. Un perfil de paladar suave y redondo con un tanino maduro al final, la maduraci\u00f3n en barricas de roble franc\u00e9s durante 10 meses agrega mayor complejidad y estructura.<\/p>\n","protected":false},"excerpt":{"rendered":"<p>Esta mezcla tradicional de las dos variedades de uva cl\u00e1sicas est\u00e1 dise\u00f1ada para producir un vino con un perfil de paladar completo. Las bayas maduras con notas de chocolate y menta t\u00edpicas de Margaret River Cabernet Sauvignon dominan el vino con una impresionante carnosidad en el paladar medio. Un perfil de paladar suave y redondo con un tanino maduro al final, la maduraci\u00f3n en barricas de roble franc\u00e9s durante 10 meses agrega mayor complejidad y estructura.<\/p>\n","protected":false},"featured_media":4963,"template":"","meta":[],"product_brand":[],"product_cat":[133,99,132,85],"product_tag":[],"class_list":{"0":"post-4845","1":"product","2":"type-product","3":"status-publish","4":"has-post-thumbnail","6":"product_cat-cabernet-blends","7":"product_cat-hay-shed-hill-wines","8":"product_cat-merlot","9":"product_cat-rojo","10":"travel-monster-post","11":"latest_post","13":"first","14":"instock","15":"featured","16":"taxable","17":"shipping-taxable","18":"purchasable","19":"product-type-simple"},"_links":{"self":[{"href":"https:\/\/wineembassy.co\/es\/wp-json\/wp\/v2\/product\/4845","targetHints":{"allow":["GET"]}}],"collection":[{"href":"https:\/\/wineembassy.co\/es\/wp-json\/wp\/v2\/product"}],"about":[{"href":"https:\/\/wineembassy.co\/es\/wp-json\/wp\/v2\/types\/product"}],"wp:featuredmedia":[{"embeddable":true,"href":"https:\/\/wineembassy.co\/es\/wp-json\/wp\/v2\/media\/4963"}],"wp:attachment":[{"href":"https:\/\/wineembassy.co\/es\/wp-json\/wp\/v2\/media?parent=4845"}],"wp:term":[{"taxonomy":"product_brand","embeddable":true,"href":"https:\/\/wineembassy.co\/es\/wp-json\/wp\/v2\/product_brand?post=4845"},{"taxonomy":"product_cat","embeddable":true,"href":"https:\/\/wineembassy.co\/es\/wp-json\/wp\/v2\/product_cat?post=4845"},{"taxonomy":"product_tag","embeddable":true,"href":"https:\/\/wineembassy.co\/es\/wp-json\/wp\/v2\/product_tag?post=4845"}],"curies":[{"name":"wp","href":"https:\/\/api.w.org\/{rel}","templated":true}]}}