{"id":4694,"date":"2023-01-26T17:30:30","date_gmt":"2023-01-26T17:30:30","guid":{"rendered":"https:\/\/miniwebspanama.com\/wineembassy\/?post_type=product&#038;p=4694"},"modified":"2024-06-15T21:40:35","modified_gmt":"2024-06-15T21:40:35","slug":"pikes-traditional-riesling","status":"publish","type":"product","link":"https:\/\/wineembassy.co\/es\/product\/pikes-traditional-riesling\/","title":{"rendered":"Pikes Traditional Riesling"},"content":{"rendered":"<p>Escogido por algunos como el mejor Riesling del pa\u00eds &#8230;&#8230; con aroma atractivo dominado por matices de lim\u00f3n, lima, c\u00edtricos y melocot\u00f3n amarillo. Al ser fresco, crujiente y seco brinda al paladar equilibrio por su acidez brillante, proporcionando gran parte del gusto hasta el final.<\/p>\n","protected":false},"excerpt":{"rendered":"<p>Escogido por algunos como el mejor Riesling del pa\u00eds &#8230;&#8230; con aroma atractivo dominado por matices de lim\u00f3n, lima, c\u00edtricos y melocot\u00f3n amarillo. Al ser fresco, crujiente y seco brinda al paladar equilibrio por su acidez brillante, proporcionando gran parte del gusto hasta el final.<\/p>\n","protected":false},"featured_media":4964,"template":"","meta":[],"product_brand":[],"product_cat":[98,136,86],"product_tag":[],"class_list":{"0":"post-4694","1":"product","2":"type-product","3":"status-publish","4":"has-post-thumbnail","6":"product_cat-pikes-wines","7":"product_cat-riesling","8":"product_cat-blanco","9":"travel-monster-post","10":"latest_post","12":"first","13":"instock","14":"featured","15":"taxable","16":"shipping-taxable","17":"purchasable","18":"product-type-simple"},"_links":{"self":[{"href":"https:\/\/wineembassy.co\/es\/wp-json\/wp\/v2\/product\/4694","targetHints":{"allow":["GET"]}}],"collection":[{"href":"https:\/\/wineembassy.co\/es\/wp-json\/wp\/v2\/product"}],"about":[{"href":"https:\/\/wineembassy.co\/es\/wp-json\/wp\/v2\/types\/product"}],"wp:featuredmedia":[{"embeddable":true,"href":"https:\/\/wineembassy.co\/es\/wp-json\/wp\/v2\/media\/4964"}],"wp:attachment":[{"href":"https:\/\/wineembassy.co\/es\/wp-json\/wp\/v2\/media?parent=4694"}],"wp:term":[{"taxonomy":"product_brand","embeddable":true,"href":"https:\/\/wineembassy.co\/es\/wp-json\/wp\/v2\/product_brand?post=4694"},{"taxonomy":"product_cat","embeddable":true,"href":"https:\/\/wineembassy.co\/es\/wp-json\/wp\/v2\/product_cat?post=4694"},{"taxonomy":"product_tag","embeddable":true,"href":"https:\/\/wineembassy.co\/es\/wp-json\/wp\/v2\/product_tag?post=4694"}],"curies":[{"name":"wp","href":"https:\/\/api.w.org\/{rel}","templated":true}]}}