{"id":4692,"date":"2023-01-26T17:29:22","date_gmt":"2023-01-26T17:29:22","guid":{"rendered":"https:\/\/miniwebspanama.com\/wineembassy\/?post_type=product&#038;p=4692"},"modified":"2023-06-19T17:08:30","modified_gmt":"2023-06-19T17:08:30","slug":"oxford-landing-sauvignon-blanc","status":"publish","type":"product","link":"https:\/\/wineembassy.co\/es\/product\/oxford-landing-sauvignon-blanc\/","title":{"rendered":"Oxford Landing Sauvignon Blanc"},"content":{"rendered":"<p>Comienzo de fiesta\u2026 explosi\u00f3n arom\u00e1tica de maracuy\u00e1 salta de la copa, seguida de notas de pi\u00f1a tropical y mango. La concentraci\u00f3n de lim\u00f3n, de manzana verde y papaya demuestran una deliciosa acidez.<\/p>\n","protected":false},"excerpt":{"rendered":"<p>Comienzo de fiesta\u2026 explosi\u00f3n arom\u00e1tica de maracuy\u00e1 salta de la copa, seguida de notas de pi\u00f1a tropical y mango. La concentraci\u00f3n de lim\u00f3n, de manzana verde y papaya demuestran una deliciosa acidez. <\/p>\n","protected":false},"featured_media":4961,"template":"","meta":[],"product_brand":[],"product_cat":[92,137,86],"product_tag":[],"class_list":{"0":"post-4692","1":"product","2":"type-product","3":"status-publish","4":"has-post-thumbnail","6":"product_cat-oxford-landing","7":"product_cat-sauvignon-blanc","8":"product_cat-blanco","9":"travel-monster-post","10":"latest_post","12":"first","13":"instock","14":"featured","15":"taxable","16":"shipping-taxable","17":"purchasable","18":"product-type-simple"},"_links":{"self":[{"href":"https:\/\/wineembassy.co\/es\/wp-json\/wp\/v2\/product\/4692","targetHints":{"allow":["GET"]}}],"collection":[{"href":"https:\/\/wineembassy.co\/es\/wp-json\/wp\/v2\/product"}],"about":[{"href":"https:\/\/wineembassy.co\/es\/wp-json\/wp\/v2\/types\/product"}],"wp:featuredmedia":[{"embeddable":true,"href":"https:\/\/wineembassy.co\/es\/wp-json\/wp\/v2\/media\/4961"}],"wp:attachment":[{"href":"https:\/\/wineembassy.co\/es\/wp-json\/wp\/v2\/media?parent=4692"}],"wp:term":[{"taxonomy":"product_brand","embeddable":true,"href":"https:\/\/wineembassy.co\/es\/wp-json\/wp\/v2\/product_brand?post=4692"},{"taxonomy":"product_cat","embeddable":true,"href":"https:\/\/wineembassy.co\/es\/wp-json\/wp\/v2\/product_cat?post=4692"},{"taxonomy":"product_tag","embeddable":true,"href":"https:\/\/wineembassy.co\/es\/wp-json\/wp\/v2\/product_tag?post=4692"}],"curies":[{"name":"wp","href":"https:\/\/api.w.org\/{rel}","templated":true}]}}