{"id":4453,"date":"2023-01-25T22:25:14","date_gmt":"2023-01-25T22:25:14","guid":{"rendered":"https:\/\/miniwebspanama.com\/wineembassy\/?post_type=product&#038;p=4453"},"modified":"2024-06-10T16:46:01","modified_gmt":"2024-06-10T16:46:01","slug":"oxford-landing-shiraz","status":"publish","type":"product","link":"https:\/\/wineembassy.co\/es\/product\/oxford-landing-shiraz\/","title":{"rendered":"Oxford Landing Shiraz"},"content":{"rendered":"<p>Con un toque de roble americano y taninos sedosos y suaves, las ciruelas frescas reci\u00e9n arrancadas del \u00e1rbol, un toque de violeta, cerezas rojas y especias, brindan un toque arom\u00e1tico sabroso. Un coro de ar\u00e1ndanos y chocolate negro completan el final picante. <\/p>\n","protected":false},"excerpt":{"rendered":"<p>Con un toque de roble americano y taninos sedosos y suaves, las ciruelas frescas reci\u00e9n arrancadas del \u00e1rbol, un toque de violeta, cerezas rojas y especias, brindan un toque arom\u00e1tico sabroso. Un coro de ar\u00e1ndanos y chocolate negro completan el final picante. <\/p>\n","protected":false},"featured_media":4962,"template":"","meta":[],"product_brand":[],"product_cat":[92,85,134],"product_tag":[],"class_list":{"0":"post-4453","1":"product","2":"type-product","3":"status-publish","4":"has-post-thumbnail","6":"product_cat-oxford-landing","7":"product_cat-rojo","8":"product_cat-shiraz-blends","9":"travel-monster-post","10":"latest_post","12":"first","13":"instock","14":"featured","15":"taxable","16":"shipping-taxable","17":"purchasable","18":"product-type-simple"},"_links":{"self":[{"href":"https:\/\/wineembassy.co\/es\/wp-json\/wp\/v2\/product\/4453","targetHints":{"allow":["GET"]}}],"collection":[{"href":"https:\/\/wineembassy.co\/es\/wp-json\/wp\/v2\/product"}],"about":[{"href":"https:\/\/wineembassy.co\/es\/wp-json\/wp\/v2\/types\/product"}],"wp:featuredmedia":[{"embeddable":true,"href":"https:\/\/wineembassy.co\/es\/wp-json\/wp\/v2\/media\/4962"}],"wp:attachment":[{"href":"https:\/\/wineembassy.co\/es\/wp-json\/wp\/v2\/media?parent=4453"}],"wp:term":[{"taxonomy":"product_brand","embeddable":true,"href":"https:\/\/wineembassy.co\/es\/wp-json\/wp\/v2\/product_brand?post=4453"},{"taxonomy":"product_cat","embeddable":true,"href":"https:\/\/wineembassy.co\/es\/wp-json\/wp\/v2\/product_cat?post=4453"},{"taxonomy":"product_tag","embeddable":true,"href":"https:\/\/wineembassy.co\/es\/wp-json\/wp\/v2\/product_tag?post=4453"}],"curies":[{"name":"wp","href":"https:\/\/api.w.org\/{rel}","templated":true}]}}