{"id":5497,"date":"2023-02-06T02:16:17","date_gmt":"2023-02-06T02:16:17","guid":{"rendered":"https:\/\/miniwebspanama.com\/wineembassy\/?page_id=5497"},"modified":"2023-03-20T18:19:11","modified_gmt":"2023-03-20T18:19:11","slug":"yalumba-yseries","status":"publish","type":"page","link":"https:\/\/wineembassy.co\/es\/yalumba-yseries\/","title":{"rendered":"Yalumba Y Series"},"content":{"rendered":"\t\t<div data-elementor-type=\"wp-page\" data-elementor-id=\"5497\" class=\"elementor elementor-5497\">\n\t\t\t\t\t\t<section class=\"elementor-section elementor-top-section elementor-element elementor-element-396099b4 elementor-section-boxed elementor-section-height-default elementor-section-height-default\" data-id=\"396099b4\" data-element_type=\"section\" data-e-type=\"section\" data-settings=\"{&quot;background_background&quot;:&quot;classic&quot;}\">\n\t\t\t\t\t\t<div class=\"elementor-container elementor-column-gap-default\">\n\t\t\t\t\t<div class=\"elementor-column elementor-col-100 elementor-top-column elementor-element elementor-element-6d455b88\" data-id=\"6d455b88\" data-element_type=\"column\" data-e-type=\"column\">\n\t\t\t<div class=\"elementor-widget-wrap elementor-element-populated\">\n\t\t\t\t\t\t<div class=\"elementor-element elementor-element-e61fa9c elementor-widget elementor-widget-image\" data-id=\"e61fa9c\" data-element_type=\"widget\" data-e-type=\"widget\" data-widget_type=\"image.default\">\n\t\t\t\t<div class=\"elementor-widget-container\">\n\t\t\t\t\t\t\t\t\t\t\t\t\t\t\t<img decoding=\"async\" width=\"150\" height=\"150\" src=\"https:\/\/wineembassy.co\/wp-content\/uploads\/2023\/02\/yalumba-y-series-s.jpg\" class=\"attachment-thumbnail size-thumbnail wp-image-6318\" alt=\"\" srcset=\"https:\/\/wineembassy.co\/wp-content\/uploads\/2023\/02\/yalumba-y-series-s.jpg 150w, https:\/\/wineembassy.co\/wp-content\/uploads\/2023\/02\/yalumba-y-series-s-100x100.jpg 100w\" sizes=\"(max-width: 150px) 100vw, 150px\" \/>\t\t\t\t\t\t\t\t\t\t\t\t\t\t\t<\/div>\n\t\t\t\t<\/div>\n\t\t\t\t<div class=\"elementor-element elementor-element-3b730564 elementor-widget elementor-widget-text-editor\" data-id=\"3b730564\" data-element_type=\"widget\" data-e-type=\"widget\" data-widget_type=\"text-editor.default\">\n\t\t\t\t<div class=\"elementor-widget-container\">\n\t\t\t\t\t\t\t\t\t<p style=\"text-align: center;\">Y Series es una colecci\u00f3n de cl\u00e1sicos ic\u00f3nicos y emocionantes variedades nuevas. Cada vino est\u00e1 aut\u00e9nticamente elaborado con frutas de las regiones vin\u00edcolas m\u00e1s c\u00e9lebres del sur de Australia. La Serie Y es una gama de vinos frutales, dise\u00f1ada para disfrutarse con o sin comida, pero sobre todo con amigos. Busque estos en las mejores listas de vinos de Panam\u00e1.<\/p>\t\t\t\t\t\t\t\t<\/div>\n\t\t\t\t<\/div>\n\t\t\t\t\t<\/div>\n\t\t<\/div>\n\t\t\t\t\t<\/div>\n\t\t<\/section>\n\t\t\t\t<section class=\"elementor-section elementor-top-section elementor-element elementor-element-d06ae1b elementor-section-boxed elementor-section-height-default elementor-section-height-default\" data-id=\"d06ae1b\" data-element_type=\"section\" data-e-type=\"section\">\n\t\t\t\t\t\t<div class=\"elementor-container elementor-column-gap-default\">\n\t\t\t\t\t<div class=\"elementor-column elementor-col-100 elementor-top-column elementor-element elementor-element-2a3dac8\" data-id=\"2a3dac8\" data-element_type=\"column\" data-e-type=\"column\">\n\t\t\t<div class=\"elementor-widget-wrap elementor-element-populated\">\n\t\t\t\t\t\t<div class=\"elementor-element elementor-element-448bdf9 elementor-widget elementor-widget-shortcode\" data-id=\"448bdf9\" data-element_type=\"widget\" data-e-type=\"widget\" data-widget_type=\"shortcode.default\">\n\t\t\t\t<div class=\"elementor-widget-container\">\n\t\t\t\t\t\t\t<div class=\"elementor-shortcode\"><div class=\"woocommerce columns-4 \"><ul class=\"products columns-4\">\n<li class=\"travel-monster-post latest_post product type-product post-4988 status-publish first outofstock product_cat-yalumba-y-series has-post-thumbnail taxable shipping-taxable purchasable product-type-simple\">\n\t<a href=\"https:\/\/wineembassy.co\/es\/product\/yalumba-y-series-rose\/\" class=\"woocommerce-LoopProduct-link woocommerce-loop-product__link\"><img fetchpriority=\"high\" decoding=\"async\" width=\"300\" height=\"300\" src=\"https:\/\/wineembassy.co\/wp-content\/uploads\/2023\/01\/Yalumba-the-Y-Series-Sangio-300x300.jpg\" class=\"attachment-woocommerce_thumbnail size-woocommerce_thumbnail\" alt=\"Yalumba Y Series Rose\" srcset=\"https:\/\/wineembassy.co\/wp-content\/uploads\/2023\/01\/Yalumba-the-Y-Series-Sangio-300x300.jpg 300w, https:\/\/wineembassy.co\/wp-content\/uploads\/2023\/01\/Yalumba-the-Y-Series-Sangio-150x150.jpg 150w, https:\/\/wineembassy.co\/wp-content\/uploads\/2023\/01\/Yalumba-the-Y-Series-Sangio-768x768.jpg 768w, https:\/\/wineembassy.co\/wp-content\/uploads\/2023\/01\/Yalumba-the-Y-Series-Sangio-600x600.jpg 600w, https:\/\/wineembassy.co\/wp-content\/uploads\/2023\/01\/Yalumba-the-Y-Series-Sangio-100x100.jpg 100w, https:\/\/wineembassy.co\/wp-content\/uploads\/2023\/01\/Yalumba-the-Y-Series-Sangio-270x270.jpg 270w, https:\/\/wineembassy.co\/wp-content\/uploads\/2023\/01\/Yalumba-the-Y-Series-Sangio-370x370.jpg 370w, https:\/\/wineembassy.co\/wp-content\/uploads\/2023\/01\/Yalumba-the-Y-Series-Sangio-170x170.jpg 170w, https:\/\/wineembassy.co\/wp-content\/uploads\/2023\/01\/Yalumba-the-Y-Series-Sangio.jpg 864w\" sizes=\"(max-width: 300px) 100vw, 300px\" \/><h2 class=\"woocommerce-loop-product__title\">Yalumba Y Series Rose<\/h2>\n\t<span class=\"price\"><span class=\"woocommerce-Price-amount amount\"><bdi><span class=\"woocommerce-Price-currencySymbol\">&#36;<\/span>19.20<\/bdi><\/span><\/span>\n<\/a><a href=\"https:\/\/wineembassy.co\/es\/product\/yalumba-y-series-rose\/\" aria-describedby=\"woocommerce_loop_add_to_cart_link_describedby_4988\" data-quantity=\"1\" class=\"button product_type_simple\" data-product_id=\"4988\" data-product_sku=\"\" aria-label=\"Lee m\u00e1s sobre &ldquo;Yalumba Y Series Rose&rdquo;\" rel=\"nofollow\" data-success_message=\"\">Leer m\u00e1s<\/a>\t<span id=\"woocommerce_loop_add_to_cart_link_describedby_4988\" class=\"screen-reader-text\">\n\t\t\t<\/span>\n<\/li>\n<li class=\"travel-monster-post latest_post product type-product post-5112 status-publish instock product_cat-riesling product_cat-blanco product_cat-yalumba-y-series has-post-thumbnail taxable shipping-taxable purchasable product-type-simple\">\n\t<a href=\"https:\/\/wineembassy.co\/es\/product\/yalumba-y-series-riesling\/\" class=\"woocommerce-LoopProduct-link woocommerce-loop-product__link\"><img decoding=\"async\" width=\"300\" height=\"300\" src=\"https:\/\/wineembassy.co\/wp-content\/uploads\/2023\/01\/Yalumba-The-Y-Series-Riesli-300x300.jpg\" class=\"attachment-woocommerce_thumbnail size-woocommerce_thumbnail\" alt=\"Yalumba Y Series Riesling\" srcset=\"https:\/\/wineembassy.co\/wp-content\/uploads\/2023\/01\/Yalumba-The-Y-Series-Riesli-300x300.jpg 300w, https:\/\/wineembassy.co\/wp-content\/uploads\/2023\/01\/Yalumba-The-Y-Series-Riesli-150x150.jpg 150w, https:\/\/wineembassy.co\/wp-content\/uploads\/2023\/01\/Yalumba-The-Y-Series-Riesli-768x768.jpg 768w, https:\/\/wineembassy.co\/wp-content\/uploads\/2023\/01\/Yalumba-The-Y-Series-Riesli-600x600.jpg 600w, https:\/\/wineembassy.co\/wp-content\/uploads\/2023\/01\/Yalumba-The-Y-Series-Riesli-100x100.jpg 100w, https:\/\/wineembassy.co\/wp-content\/uploads\/2023\/01\/Yalumba-The-Y-Series-Riesli-270x270.jpg 270w, https:\/\/wineembassy.co\/wp-content\/uploads\/2023\/01\/Yalumba-The-Y-Series-Riesli-370x370.jpg 370w, https:\/\/wineembassy.co\/wp-content\/uploads\/2023\/01\/Yalumba-The-Y-Series-Riesli-170x170.jpg 170w, https:\/\/wineembassy.co\/wp-content\/uploads\/2023\/01\/Yalumba-The-Y-Series-Riesli.jpg 864w\" sizes=\"(max-width: 300px) 100vw, 300px\" \/><h2 class=\"woocommerce-loop-product__title\">Yalumba Y Series Riesling<\/h2>\n\t<span class=\"price\"><span class=\"woocommerce-Price-amount amount\"><bdi><span class=\"woocommerce-Price-currencySymbol\">&#36;<\/span>19.20<\/bdi><\/span><\/span>\n<\/a><form action=\"\/es\/wp-json\/wp\/v2\/pages\/5497?add-to-cart=5112\" class=\"cart\" method=\"post\" enctype=\"multipart\/form-data\"><div class=\"quantity\">\n\t\t<label class=\"screen-reader-text\" for=\"quantity_69f2c3dc7b6aa\">Yalumba Y Series Riesling cantidad<\/label>\n\t<input\n\t\ttype=\"number\"\n\t\t\t\tid=\"quantity_69f2c3dc7b6aa\"\n\t\tclass=\"input-text qty text\"\n\t\tname=\"quantity\"\n\t\tvalue=\"1\"\n\t\taria-label=\"Cantidad de productos\"\n\t\t\t\tmin=\"0\"\n\t\t\t\t\tmax=\"96\"\n\t\t\t\t\t\t\tstep=\"1\"\n\t\t\tplaceholder=\"\"\n\t\t\tinputmode=\"numeric\"\n\t\t\tautocomplete=\"off\"\n\t\t\t\/>\n\t<\/div>\n<button type=\"submit\" data-quantity=\"1\" data-product_id=\"5112\" class=\"button alt ajax_add_to_cart add_to_cart_button product_type_simple\">A\u00f1adir al carrito<\/button><\/form>\t<span id=\"woocommerce_loop_add_to_cart_link_describedby_5112\" class=\"screen-reader-text\">\n\t\t\t<\/span>\n<\/li>\n<li class=\"travel-monster-post latest_post product type-product post-4991 status-publish instock product_cat-chardonnay product_cat-latest-deals product_cat-blanco product_cat-yalumba-y-series has-post-thumbnail sale featured taxable shipping-taxable purchasable product-type-simple\">\n\t<a href=\"https:\/\/wineembassy.co\/es\/product\/yalumba-y-series-chardonnay\/\" class=\"woocommerce-LoopProduct-link woocommerce-loop-product__link\">\n\t<span class=\"onsale\">\u00a1Oferta!<\/span>\n\t<img loading=\"lazy\" decoding=\"async\" width=\"300\" height=\"300\" src=\"https:\/\/wineembassy.co\/wp-content\/uploads\/2023\/01\/Yalumba-The-Y-Series-Chardo-300x300.jpg\" class=\"attachment-woocommerce_thumbnail size-woocommerce_thumbnail\" alt=\"Yalumba Y Series Chardonnay\" srcset=\"https:\/\/wineembassy.co\/wp-content\/uploads\/2023\/01\/Yalumba-The-Y-Series-Chardo-300x300.jpg 300w, https:\/\/wineembassy.co\/wp-content\/uploads\/2023\/01\/Yalumba-The-Y-Series-Chardo-150x150.jpg 150w, https:\/\/wineembassy.co\/wp-content\/uploads\/2023\/01\/Yalumba-The-Y-Series-Chardo-768x768.jpg 768w, https:\/\/wineembassy.co\/wp-content\/uploads\/2023\/01\/Yalumba-The-Y-Series-Chardo-600x600.jpg 600w, https:\/\/wineembassy.co\/wp-content\/uploads\/2023\/01\/Yalumba-The-Y-Series-Chardo-100x100.jpg 100w, https:\/\/wineembassy.co\/wp-content\/uploads\/2023\/01\/Yalumba-The-Y-Series-Chardo-270x270.jpg 270w, https:\/\/wineembassy.co\/wp-content\/uploads\/2023\/01\/Yalumba-The-Y-Series-Chardo-370x370.jpg 370w, https:\/\/wineembassy.co\/wp-content\/uploads\/2023\/01\/Yalumba-The-Y-Series-Chardo-170x170.jpg 170w, https:\/\/wineembassy.co\/wp-content\/uploads\/2023\/01\/Yalumba-The-Y-Series-Chardo.jpg 864w\" sizes=\"(max-width: 300px) 100vw, 300px\" \/><h2 class=\"woocommerce-loop-product__title\">Yalumba Y Series Chardonnay<\/h2>\n\t<span class=\"price\"><del aria-hidden=\"true\"><span class=\"woocommerce-Price-amount amount\"><bdi><span class=\"woocommerce-Price-currencySymbol\">&#36;<\/span>19.20<\/bdi><\/span><\/del> <span class=\"screen-reader-text\">El precio original era: &#036;19.20.<\/span><ins aria-hidden=\"true\"><span class=\"woocommerce-Price-amount amount\"><bdi><span class=\"woocommerce-Price-currencySymbol\">&#36;<\/span>17.50<\/bdi><\/span><\/ins><span class=\"screen-reader-text\">El precio actual es: &#036;17.50.<\/span><\/span>\n<\/a><form action=\"\/es\/wp-json\/wp\/v2\/pages\/5497?add-to-cart=4991\" class=\"cart\" method=\"post\" enctype=\"multipart\/form-data\"><div class=\"quantity\">\n\t\t<label class=\"screen-reader-text\" for=\"quantity_69f2c3dc7d584\">Yalumba Y Series Chardonnay cantidad<\/label>\n\t<input\n\t\ttype=\"number\"\n\t\t\t\tid=\"quantity_69f2c3dc7d584\"\n\t\tclass=\"input-text qty text\"\n\t\tname=\"quantity\"\n\t\tvalue=\"1\"\n\t\taria-label=\"Cantidad de productos\"\n\t\t\t\tmin=\"0\"\n\t\t\t\t\tmax=\"24\"\n\t\t\t\t\t\t\tstep=\"1\"\n\t\t\tplaceholder=\"\"\n\t\t\tinputmode=\"numeric\"\n\t\t\tautocomplete=\"off\"\n\t\t\t\/>\n\t<\/div>\n<button type=\"submit\" data-quantity=\"1\" data-product_id=\"4991\" class=\"button alt ajax_add_to_cart add_to_cart_button product_type_simple\">A\u00f1adir al carrito<\/button><\/form>\t<span id=\"woocommerce_loop_add_to_cart_link_describedby_4991\" class=\"screen-reader-text\">\n\t\t\t<\/span>\n<\/li>\n<li class=\"travel-monster-post latest_post product type-product post-4994 status-publish last instock product_cat-cabernet-blends product_cat-latest-deals product_cat-yalumba-y-series has-post-thumbnail sale featured taxable shipping-taxable purchasable product-type-simple\">\n\t<a href=\"https:\/\/wineembassy.co\/es\/product\/yalumba-y-series-cabernet\/\" class=\"woocommerce-LoopProduct-link woocommerce-loop-product__link\">\n\t<span class=\"onsale\">\u00a1Oferta!<\/span>\n\t<img loading=\"lazy\" decoding=\"async\" width=\"300\" height=\"300\" src=\"https:\/\/wineembassy.co\/wp-content\/uploads\/2023\/01\/Yalumba-The-Y-Series-Cabern-300x300.jpg\" class=\"attachment-woocommerce_thumbnail size-woocommerce_thumbnail\" alt=\"Yalumba Y Series Cabernet\" srcset=\"https:\/\/wineembassy.co\/wp-content\/uploads\/2023\/01\/Yalumba-The-Y-Series-Cabern-300x300.jpg 300w, https:\/\/wineembassy.co\/wp-content\/uploads\/2023\/01\/Yalumba-The-Y-Series-Cabern-150x150.jpg 150w, https:\/\/wineembassy.co\/wp-content\/uploads\/2023\/01\/Yalumba-The-Y-Series-Cabern-768x768.jpg 768w, https:\/\/wineembassy.co\/wp-content\/uploads\/2023\/01\/Yalumba-The-Y-Series-Cabern-600x600.jpg 600w, https:\/\/wineembassy.co\/wp-content\/uploads\/2023\/01\/Yalumba-The-Y-Series-Cabern-100x100.jpg 100w, https:\/\/wineembassy.co\/wp-content\/uploads\/2023\/01\/Yalumba-The-Y-Series-Cabern-270x270.jpg 270w, https:\/\/wineembassy.co\/wp-content\/uploads\/2023\/01\/Yalumba-The-Y-Series-Cabern-370x370.jpg 370w, https:\/\/wineembassy.co\/wp-content\/uploads\/2023\/01\/Yalumba-The-Y-Series-Cabern-170x170.jpg 170w, https:\/\/wineembassy.co\/wp-content\/uploads\/2023\/01\/Yalumba-The-Y-Series-Cabern.jpg 864w\" sizes=\"(max-width: 300px) 100vw, 300px\" \/><h2 class=\"woocommerce-loop-product__title\">Yalumba Y Series Cabernet<\/h2>\n\t<span class=\"price\"><del aria-hidden=\"true\"><span class=\"woocommerce-Price-amount amount\"><bdi><span class=\"woocommerce-Price-currencySymbol\">&#36;<\/span>19.20<\/bdi><\/span><\/del> <span class=\"screen-reader-text\">El precio original era: &#036;19.20.<\/span><ins aria-hidden=\"true\"><span class=\"woocommerce-Price-amount amount\"><bdi><span class=\"woocommerce-Price-currencySymbol\">&#36;<\/span>17.50<\/bdi><\/span><\/ins><span class=\"screen-reader-text\">El precio actual es: &#036;17.50.<\/span><\/span>\n<\/a><form action=\"\/es\/wp-json\/wp\/v2\/pages\/5497?add-to-cart=4994\" class=\"cart\" method=\"post\" enctype=\"multipart\/form-data\"><div class=\"quantity\">\n\t\t<label class=\"screen-reader-text\" for=\"quantity_69f2c3dc7f82a\">Yalumba Y Series Cabernet cantidad<\/label>\n\t<input\n\t\ttype=\"number\"\n\t\t\t\tid=\"quantity_69f2c3dc7f82a\"\n\t\tclass=\"input-text qty text\"\n\t\tname=\"quantity\"\n\t\tvalue=\"1\"\n\t\taria-label=\"Cantidad de productos\"\n\t\t\t\tmin=\"0\"\n\t\t\t\t\tmax=\"120\"\n\t\t\t\t\t\t\tstep=\"1\"\n\t\t\tplaceholder=\"\"\n\t\t\tinputmode=\"numeric\"\n\t\t\tautocomplete=\"off\"\n\t\t\t\/>\n\t<\/div>\n<button type=\"submit\" data-quantity=\"1\" data-product_id=\"4994\" class=\"button alt ajax_add_to_cart add_to_cart_button product_type_simple\">A\u00f1adir al carrito<\/button><\/form>\t<span id=\"woocommerce_loop_add_to_cart_link_describedby_4994\" class=\"screen-reader-text\">\n\t\t\t<\/span>\n<\/li>\n<li class=\"travel-monster-post latest_post product type-product post-4993 status-publish first instock product_cat-merlot product_cat-rojo product_cat-yalumba-y-series has-post-thumbnail featured taxable shipping-taxable purchasable product-type-simple\">\n\t<a href=\"https:\/\/wineembassy.co\/es\/product\/yalumba-y-series-merlot\/\" class=\"woocommerce-LoopProduct-link woocommerce-loop-product__link\"><img loading=\"lazy\" decoding=\"async\" width=\"300\" height=\"300\" src=\"https:\/\/wineembassy.co\/wp-content\/uploads\/2023\/01\/Yalumba-The-Y-Series-Merlot-300x300.jpg\" class=\"attachment-woocommerce_thumbnail size-woocommerce_thumbnail\" alt=\"Yalumba Y Series Merlot\" srcset=\"https:\/\/wineembassy.co\/wp-content\/uploads\/2023\/01\/Yalumba-The-Y-Series-Merlot-300x300.jpg 300w, https:\/\/wineembassy.co\/wp-content\/uploads\/2023\/01\/Yalumba-The-Y-Series-Merlot-150x150.jpg 150w, https:\/\/wineembassy.co\/wp-content\/uploads\/2023\/01\/Yalumba-The-Y-Series-Merlot-768x768.jpg 768w, https:\/\/wineembassy.co\/wp-content\/uploads\/2023\/01\/Yalumba-The-Y-Series-Merlot-600x600.jpg 600w, https:\/\/wineembassy.co\/wp-content\/uploads\/2023\/01\/Yalumba-The-Y-Series-Merlot-100x100.jpg 100w, https:\/\/wineembassy.co\/wp-content\/uploads\/2023\/01\/Yalumba-The-Y-Series-Merlot-270x270.jpg 270w, https:\/\/wineembassy.co\/wp-content\/uploads\/2023\/01\/Yalumba-The-Y-Series-Merlot-370x370.jpg 370w, https:\/\/wineembassy.co\/wp-content\/uploads\/2023\/01\/Yalumba-The-Y-Series-Merlot-170x170.jpg 170w, https:\/\/wineembassy.co\/wp-content\/uploads\/2023\/01\/Yalumba-The-Y-Series-Merlot.jpg 864w\" sizes=\"(max-width: 300px) 100vw, 300px\" \/><h2 class=\"woocommerce-loop-product__title\">Yalumba Y Series Merlot<\/h2>\n\t<span class=\"price\"><span class=\"woocommerce-Price-amount amount\"><bdi><span class=\"woocommerce-Price-currencySymbol\">&#36;<\/span>19.20<\/bdi><\/span><\/span>\n<\/a><form action=\"\/es\/wp-json\/wp\/v2\/pages\/5497?add-to-cart=4993\" class=\"cart\" method=\"post\" enctype=\"multipart\/form-data\"><div class=\"quantity\">\n\t\t<label class=\"screen-reader-text\" for=\"quantity_69f2c3dc816f7\">Yalumba Y Series Merlot cantidad<\/label>\n\t<input\n\t\ttype=\"number\"\n\t\t\t\tid=\"quantity_69f2c3dc816f7\"\n\t\tclass=\"input-text qty text\"\n\t\tname=\"quantity\"\n\t\tvalue=\"1\"\n\t\taria-label=\"Cantidad de productos\"\n\t\t\t\tmin=\"0\"\n\t\t\t\t\tmax=\"322\"\n\t\t\t\t\t\t\tstep=\"1\"\n\t\t\tplaceholder=\"\"\n\t\t\tinputmode=\"numeric\"\n\t\t\tautocomplete=\"off\"\n\t\t\t\/>\n\t<\/div>\n<button type=\"submit\" data-quantity=\"1\" data-product_id=\"4993\" class=\"button alt ajax_add_to_cart add_to_cart_button product_type_simple\">A\u00f1adir al carrito<\/button><\/form>\t<span id=\"woocommerce_loop_add_to_cart_link_describedby_4993\" class=\"screen-reader-text\">\n\t\t\t<\/span>\n<\/li>\n<li class=\"travel-monster-post latest_post product type-product post-4989 status-publish outofstock product_cat-sauvignon-blanc product_cat-yalumba-y-series has-post-thumbnail taxable shipping-taxable purchasable product-type-simple\">\n\t<a href=\"https:\/\/wineembassy.co\/es\/product\/yalumba-y-series-sauvignon-blanc\/\" class=\"woocommerce-LoopProduct-link woocommerce-loop-product__link\"><img loading=\"lazy\" decoding=\"async\" width=\"300\" height=\"300\" src=\"https:\/\/wineembassy.co\/wp-content\/uploads\/2023\/01\/Yalumba-The-Y-Series-Sauvig-300x300.jpg\" class=\"attachment-woocommerce_thumbnail size-woocommerce_thumbnail\" alt=\"Yalumba Y Series Sauvignon Blanc\" srcset=\"https:\/\/wineembassy.co\/wp-content\/uploads\/2023\/01\/Yalumba-The-Y-Series-Sauvig-300x300.jpg 300w, https:\/\/wineembassy.co\/wp-content\/uploads\/2023\/01\/Yalumba-The-Y-Series-Sauvig-150x150.jpg 150w, https:\/\/wineembassy.co\/wp-content\/uploads\/2023\/01\/Yalumba-The-Y-Series-Sauvig-768x768.jpg 768w, https:\/\/wineembassy.co\/wp-content\/uploads\/2023\/01\/Yalumba-The-Y-Series-Sauvig-600x600.jpg 600w, https:\/\/wineembassy.co\/wp-content\/uploads\/2023\/01\/Yalumba-The-Y-Series-Sauvig-100x100.jpg 100w, https:\/\/wineembassy.co\/wp-content\/uploads\/2023\/01\/Yalumba-The-Y-Series-Sauvig-270x270.jpg 270w, https:\/\/wineembassy.co\/wp-content\/uploads\/2023\/01\/Yalumba-The-Y-Series-Sauvig-370x370.jpg 370w, https:\/\/wineembassy.co\/wp-content\/uploads\/2023\/01\/Yalumba-The-Y-Series-Sauvig-170x170.jpg 170w, https:\/\/wineembassy.co\/wp-content\/uploads\/2023\/01\/Yalumba-The-Y-Series-Sauvig.jpg 864w\" sizes=\"(max-width: 300px) 100vw, 300px\" \/><h2 class=\"woocommerce-loop-product__title\">Yalumba Y Series Sauvignon Blanc<\/h2>\n\t<span class=\"price\"><span class=\"woocommerce-Price-amount amount\"><bdi><span class=\"woocommerce-Price-currencySymbol\">&#36;<\/span>19.20<\/bdi><\/span><\/span>\n<\/a><a href=\"https:\/\/wineembassy.co\/es\/product\/yalumba-y-series-sauvignon-blanc\/\" aria-describedby=\"woocommerce_loop_add_to_cart_link_describedby_4989\" data-quantity=\"1\" class=\"button product_type_simple\" data-product_id=\"4989\" data-product_sku=\"\" aria-label=\"Lee m\u00e1s sobre &ldquo;Yalumba Y Series Sauvignon Blanc&rdquo;\" rel=\"nofollow\" data-success_message=\"\">Leer m\u00e1s<\/a>\t<span id=\"woocommerce_loop_add_to_cart_link_describedby_4989\" class=\"screen-reader-text\">\n\t\t\t<\/span>\n<\/li>\n<li class=\"travel-monster-post latest_post product type-product post-6859 status-publish outofstock product_cat-pinot-noir product_cat-rojo product_cat-yalumba-y-series has-post-thumbnail taxable shipping-taxable purchasable product-type-simple\">\n\t<a href=\"https:\/\/wineembassy.co\/es\/product\/yalumba-y-series-pinot-noir\/\" class=\"woocommerce-LoopProduct-link woocommerce-loop-product__link\"><img loading=\"lazy\" decoding=\"async\" width=\"300\" height=\"300\" src=\"https:\/\/wineembassy.co\/wp-content\/uploads\/2023\/11\/Yalumba-The-Y-Series-Pinot--300x300.jpg\" class=\"attachment-woocommerce_thumbnail size-woocommerce_thumbnail\" alt=\"Yalumba Y Series Pinot Noir\" srcset=\"https:\/\/wineembassy.co\/wp-content\/uploads\/2023\/11\/Yalumba-The-Y-Series-Pinot--300x300.jpg 300w, https:\/\/wineembassy.co\/wp-content\/uploads\/2023\/11\/Yalumba-The-Y-Series-Pinot--150x150.jpg 150w, https:\/\/wineembassy.co\/wp-content\/uploads\/2023\/11\/Yalumba-The-Y-Series-Pinot--768x768.jpg 768w, https:\/\/wineembassy.co\/wp-content\/uploads\/2023\/11\/Yalumba-The-Y-Series-Pinot--600x600.jpg 600w, https:\/\/wineembassy.co\/wp-content\/uploads\/2023\/11\/Yalumba-The-Y-Series-Pinot--100x100.jpg 100w, https:\/\/wineembassy.co\/wp-content\/uploads\/2023\/11\/Yalumba-The-Y-Series-Pinot-.jpg 1000w\" sizes=\"(max-width: 300px) 100vw, 300px\" \/><h2 class=\"woocommerce-loop-product__title\">Yalumba Y Series Pinot Noir<\/h2>\n\t<span class=\"price\"><span class=\"woocommerce-Price-amount amount\"><bdi><span class=\"woocommerce-Price-currencySymbol\">&#36;<\/span>19.20<\/bdi><\/span><\/span>\n<\/a><a href=\"https:\/\/wineembassy.co\/es\/product\/yalumba-y-series-pinot-noir\/\" aria-describedby=\"woocommerce_loop_add_to_cart_link_describedby_6859\" data-quantity=\"1\" class=\"button product_type_simple\" data-product_id=\"6859\" data-product_sku=\"\" aria-label=\"Lee m\u00e1s sobre &ldquo;Yalumba Y Series Pinot Noir&rdquo;\" rel=\"nofollow\" data-success_message=\"\">Leer m\u00e1s<\/a>\t<span id=\"woocommerce_loop_add_to_cart_link_describedby_6859\" class=\"screen-reader-text\">\n\t\t\t<\/span>\n<\/li>\n<li class=\"travel-monster-post latest_post product type-product post-4992 status-publish last instock product_cat-shiraz-blends product_cat-yalumba-y-series has-post-thumbnail taxable shipping-taxable purchasable product-type-simple\">\n\t<a href=\"https:\/\/wineembassy.co\/es\/product\/yalumba-y-series-shiraz\/\" class=\"woocommerce-LoopProduct-link woocommerce-loop-product__link\"><img loading=\"lazy\" decoding=\"async\" width=\"300\" height=\"300\" src=\"https:\/\/wineembassy.co\/wp-content\/uploads\/2023\/01\/Yalumba-The-Y-Series-Shiraz-300x300.jpg\" class=\"attachment-woocommerce_thumbnail size-woocommerce_thumbnail\" alt=\"Yalumba Y Series Shiraz\" srcset=\"https:\/\/wineembassy.co\/wp-content\/uploads\/2023\/01\/Yalumba-The-Y-Series-Shiraz-300x300.jpg 300w, https:\/\/wineembassy.co\/wp-content\/uploads\/2023\/01\/Yalumba-The-Y-Series-Shiraz-150x150.jpg 150w, https:\/\/wineembassy.co\/wp-content\/uploads\/2023\/01\/Yalumba-The-Y-Series-Shiraz-768x768.jpg 768w, https:\/\/wineembassy.co\/wp-content\/uploads\/2023\/01\/Yalumba-The-Y-Series-Shiraz-600x600.jpg 600w, https:\/\/wineembassy.co\/wp-content\/uploads\/2023\/01\/Yalumba-The-Y-Series-Shiraz-100x100.jpg 100w, https:\/\/wineembassy.co\/wp-content\/uploads\/2023\/01\/Yalumba-The-Y-Series-Shiraz-270x270.jpg 270w, https:\/\/wineembassy.co\/wp-content\/uploads\/2023\/01\/Yalumba-The-Y-Series-Shiraz-370x370.jpg 370w, https:\/\/wineembassy.co\/wp-content\/uploads\/2023\/01\/Yalumba-The-Y-Series-Shiraz-170x170.jpg 170w, https:\/\/wineembassy.co\/wp-content\/uploads\/2023\/01\/Yalumba-The-Y-Series-Shiraz.jpg 864w\" sizes=\"(max-width: 300px) 100vw, 300px\" \/><h2 class=\"woocommerce-loop-product__title\">Yalumba Y Series Shiraz<\/h2>\n\t<span class=\"price\"><span class=\"woocommerce-Price-amount amount\"><bdi><span class=\"woocommerce-Price-currencySymbol\">&#36;<\/span>19.20<\/bdi><\/span><\/span>\n<\/a><form action=\"\/es\/wp-json\/wp\/v2\/pages\/5497?add-to-cart=4992\" class=\"cart\" method=\"post\" enctype=\"multipart\/form-data\"><div class=\"quantity\">\n\t\t<label class=\"screen-reader-text\" for=\"quantity_69f2c3dc86d1b\">Yalumba Y Series Shiraz cantidad<\/label>\n\t<input\n\t\ttype=\"number\"\n\t\t\t\tid=\"quantity_69f2c3dc86d1b\"\n\t\tclass=\"input-text qty text\"\n\t\tname=\"quantity\"\n\t\tvalue=\"1\"\n\t\taria-label=\"Cantidad de productos\"\n\t\t\t\tmin=\"0\"\n\t\t\t\t\tmax=\"474\"\n\t\t\t\t\t\t\tstep=\"1\"\n\t\t\tplaceholder=\"\"\n\t\t\tinputmode=\"numeric\"\n\t\t\tautocomplete=\"off\"\n\t\t\t\/>\n\t<\/div>\n<button type=\"submit\" data-quantity=\"1\" data-product_id=\"4992\" class=\"button alt ajax_add_to_cart add_to_cart_button product_type_simple\">A\u00f1adir al carrito<\/button><\/form>\t<span id=\"woocommerce_loop_add_to_cart_link_describedby_4992\" class=\"screen-reader-text\">\n\t\t\t<\/span>\n<\/li>\n<\/ul>\n<\/div><\/div>\n\t\t\t\t\t\t<\/div>\n\t\t\t\t<\/div>\n\t\t\t\t\t<\/div>\n\t\t<\/div>\n\t\t\t\t\t<\/div>\n\t\t<\/section>\n\t\t\t\t<\/div>\n\t\t","protected":false},"excerpt":{"rendered":"<p>Y Series is a collection of iconic classics and exciting new varietals. Each wine is authentically crafted with fruit from South Australia\u2019s most celebrated wine regions. Y Series is a range of fruit driven wines, designed to be enjoyed with [&hellip;]<\/p>\n","protected":false},"author":1,"featured_media":0,"parent":0,"menu_order":0,"comment_status":"closed","ping_status":"closed","template":"","meta":{"footnotes":""},"class_list":["post-5497","page","type-page","status-publish","hentry","travel-monster-post","no-post-thumbnail","latest_post"],"_links":{"self":[{"href":"https:\/\/wineembassy.co\/es\/wp-json\/wp\/v2\/pages\/5497","targetHints":{"allow":["GET"]}}],"collection":[{"href":"https:\/\/wineembassy.co\/es\/wp-json\/wp\/v2\/pages"}],"about":[{"href":"https:\/\/wineembassy.co\/es\/wp-json\/wp\/v2\/types\/page"}],"author":[{"embeddable":true,"href":"https:\/\/wineembassy.co\/es\/wp-json\/wp\/v2\/users\/1"}],"replies":[{"embeddable":true,"href":"https:\/\/wineembassy.co\/es\/wp-json\/wp\/v2\/comments?post=5497"}],"version-history":[{"count":10,"href":"https:\/\/wineembassy.co\/es\/wp-json\/wp\/v2\/pages\/5497\/revisions"}],"predecessor-version":[{"id":6601,"href":"https:\/\/wineembassy.co\/es\/wp-json\/wp\/v2\/pages\/5497\/revisions\/6601"}],"wp:attachment":[{"href":"https:\/\/wineembassy.co\/es\/wp-json\/wp\/v2\/media?parent=5497"}],"curies":[{"name":"wp","href":"https:\/\/api.w.org\/{rel}","templated":true}]}}