{"id":5491,"date":"2023-02-06T02:16:17","date_gmt":"2023-02-06T02:16:17","guid":{"rendered":"https:\/\/miniwebspanama.com\/wineembassy\/?page_id=5491"},"modified":"2023-03-20T18:18:22","modified_gmt":"2023-03-20T18:18:22","slug":"yalumba-samuels-collection-2","status":"publish","type":"page","link":"https:\/\/wineembassy.co\/es\/yalumba-samuels-collection-2\/","title":{"rendered":"Yalumba Samuels Collection"},"content":{"rendered":"\t\t<div data-elementor-type=\"wp-page\" data-elementor-id=\"5491\" class=\"elementor elementor-5491\">\n\t\t\t\t\t\t<section class=\"elementor-section elementor-top-section elementor-element elementor-element-396099b4 elementor-section-boxed elementor-section-height-default elementor-section-height-default\" data-id=\"396099b4\" data-element_type=\"section\" data-e-type=\"section\" data-settings=\"{&quot;background_background&quot;:&quot;classic&quot;}\">\n\t\t\t\t\t\t<div class=\"elementor-container elementor-column-gap-default\">\n\t\t\t\t\t<div class=\"elementor-column elementor-col-100 elementor-top-column elementor-element elementor-element-6d455b88\" data-id=\"6d455b88\" data-element_type=\"column\" data-e-type=\"column\">\n\t\t\t<div class=\"elementor-widget-wrap elementor-element-populated\">\n\t\t\t\t\t\t<div class=\"elementor-element elementor-element-e61fa9c elementor-widget elementor-widget-image\" data-id=\"e61fa9c\" data-element_type=\"widget\" data-e-type=\"widget\" data-widget_type=\"image.default\">\n\t\t\t\t<div class=\"elementor-widget-container\">\n\t\t\t\t\t\t\t\t\t\t\t\t\t\t\t<img decoding=\"async\" width=\"150\" height=\"150\" src=\"https:\/\/wineembassy.co\/wp-content\/uploads\/2023\/03\/logo-yalumba-150x150.jpg\" class=\"attachment-thumbnail size-thumbnail wp-image-6422\" alt=\"\" srcset=\"https:\/\/wineembassy.co\/wp-content\/uploads\/2023\/03\/logo-yalumba-150x150.jpg 150w, https:\/\/wineembassy.co\/wp-content\/uploads\/2023\/03\/logo-yalumba-300x300.jpg 300w, https:\/\/wineembassy.co\/wp-content\/uploads\/2023\/03\/logo-yalumba-600x600.jpg 600w, https:\/\/wineembassy.co\/wp-content\/uploads\/2023\/03\/logo-yalumba-100x100.jpg 100w, https:\/\/wineembassy.co\/wp-content\/uploads\/2023\/03\/logo-yalumba.jpg 625w\" sizes=\"(max-width: 150px) 100vw, 150px\" \/>\t\t\t\t\t\t\t\t\t\t\t\t\t\t\t<\/div>\n\t\t\t\t<\/div>\n\t\t\t\t<div class=\"elementor-element elementor-element-3b730564 elementor-widget elementor-widget-text-editor\" data-id=\"3b730564\" data-element_type=\"widget\" data-e-type=\"widget\" data-widget_type=\"text-editor.default\">\n\t\t\t\t<div class=\"elementor-widget-container\">\n\t\t\t\t\t\t\t\t\t<p style=\"font-weight: 400; text-align: center;\">En el momento en que el fundador, Samuel Smith, plant\u00f3 el primer vi\u00f1edo de Yalumba hace 170 a\u00f1os, se puso en marcha un plan.<\/p><p style=\"font-weight: 400; text-align: center;\">Llena de historia y rica en relatos de perseverancia, la Colecci\u00f3n de Samuel celebra al fundador de Yalumba y honra su esp\u00edritu de abrazar la procedencia y retribuir a la tierra. El esp\u00edritu que hace posible esta colecci\u00f3n de vinos finos.<\/p>\t\t\t\t\t\t\t\t<\/div>\n\t\t\t\t<\/div>\n\t\t\t\t\t<\/div>\n\t\t<\/div>\n\t\t\t\t\t<\/div>\n\t\t<\/section>\n\t\t\t\t<section class=\"elementor-section elementor-top-section elementor-element elementor-element-d06ae1b elementor-section-boxed elementor-section-height-default elementor-section-height-default\" data-id=\"d06ae1b\" data-element_type=\"section\" data-e-type=\"section\">\n\t\t\t\t\t\t<div class=\"elementor-container elementor-column-gap-default\">\n\t\t\t\t\t<div class=\"elementor-column elementor-col-100 elementor-top-column elementor-element elementor-element-2a3dac8\" data-id=\"2a3dac8\" data-element_type=\"column\" data-e-type=\"column\">\n\t\t\t<div class=\"elementor-widget-wrap elementor-element-populated\">\n\t\t\t\t\t\t<div class=\"elementor-element elementor-element-448bdf9 elementor-widget elementor-widget-shortcode\" data-id=\"448bdf9\" data-element_type=\"widget\" data-e-type=\"widget\" data-widget_type=\"shortcode.default\">\n\t\t\t\t<div class=\"elementor-widget-container\">\n\t\t\t\t\t\t\t<div class=\"elementor-shortcode\"><div class=\"woocommerce columns-4 \"><ul class=\"products columns-4\">\n<li class=\"travel-monster-post latest_post product type-product post-4997 status-publish first instock product_cat-rojo product_cat-shiraz-blends product_cat-yalumba-samuels-collection has-post-thumbnail taxable shipping-taxable purchasable product-type-simple\">\n\t<a href=\"https:\/\/wineembassy.co\/es\/product\/samuels-collection-gsm\/\" class=\"woocommerce-LoopProduct-link woocommerce-loop-product__link\"><img fetchpriority=\"high\" decoding=\"async\" width=\"300\" height=\"300\" src=\"https:\/\/wineembassy.co\/wp-content\/uploads\/2023\/01\/Yalumba-Samuels-Collectio3-300x300.jpg\" class=\"attachment-woocommerce_thumbnail size-woocommerce_thumbnail\" alt=\"Samuels Collection GSM\" srcset=\"https:\/\/wineembassy.co\/wp-content\/uploads\/2023\/01\/Yalumba-Samuels-Collectio3-300x300.jpg 300w, https:\/\/wineembassy.co\/wp-content\/uploads\/2023\/01\/Yalumba-Samuels-Collectio3-150x150.jpg 150w, https:\/\/wineembassy.co\/wp-content\/uploads\/2023\/01\/Yalumba-Samuels-Collectio3-768x768.jpg 768w, https:\/\/wineembassy.co\/wp-content\/uploads\/2023\/01\/Yalumba-Samuels-Collectio3-600x600.jpg 600w, https:\/\/wineembassy.co\/wp-content\/uploads\/2023\/01\/Yalumba-Samuels-Collectio3-100x100.jpg 100w, https:\/\/wineembassy.co\/wp-content\/uploads\/2023\/01\/Yalumba-Samuels-Collectio3-270x270.jpg 270w, https:\/\/wineembassy.co\/wp-content\/uploads\/2023\/01\/Yalumba-Samuels-Collectio3-370x370.jpg 370w, https:\/\/wineembassy.co\/wp-content\/uploads\/2023\/01\/Yalumba-Samuels-Collectio3-170x170.jpg 170w, https:\/\/wineembassy.co\/wp-content\/uploads\/2023\/01\/Yalumba-Samuels-Collectio3.jpg 864w\" sizes=\"(max-width: 300px) 100vw, 300px\" \/><h2 class=\"woocommerce-loop-product__title\">Samuels Collection GSM<\/h2>\n\t<span class=\"price\"><span class=\"woocommerce-Price-amount amount\"><bdi><span class=\"woocommerce-Price-currencySymbol\">&#36;<\/span>29.80<\/bdi><\/span><\/span>\n<\/a><form action=\"\/es\/wp-json\/wp\/v2\/pages\/5491?add-to-cart=4997\" class=\"cart\" method=\"post\" enctype=\"multipart\/form-data\"><div class=\"quantity\">\n\t\t<label class=\"screen-reader-text\" for=\"quantity_69f2a35d15855\">Samuels Collection GSM cantidad<\/label>\n\t<input\n\t\ttype=\"number\"\n\t\t\t\tid=\"quantity_69f2a35d15855\"\n\t\tclass=\"input-text qty text\"\n\t\tname=\"quantity\"\n\t\tvalue=\"1\"\n\t\taria-label=\"Cantidad de productos\"\n\t\t\t\tmin=\"0\"\n\t\t\t\t\tmax=\"36\"\n\t\t\t\t\t\t\tstep=\"1\"\n\t\t\tplaceholder=\"\"\n\t\t\tinputmode=\"numeric\"\n\t\t\tautocomplete=\"off\"\n\t\t\t\/>\n\t<\/div>\n<button type=\"submit\" data-quantity=\"1\" data-product_id=\"4997\" class=\"button alt ajax_add_to_cart add_to_cart_button product_type_simple\">A\u00f1adir al carrito<\/button><\/form>\t<span id=\"woocommerce_loop_add_to_cart_link_describedby_4997\" class=\"screen-reader-text\">\n\t\t\t<\/span>\n<\/li>\n<li class=\"travel-monster-post latest_post product type-product post-4996 status-publish instock product_cat-rojo product_cat-shiraz-blends product_cat-yalumba-samuels-collection has-post-thumbnail taxable shipping-taxable purchasable product-type-simple\">\n\t<a href=\"https:\/\/wineembassy.co\/es\/product\/samuels-collection-shiraz\/\" class=\"woocommerce-LoopProduct-link woocommerce-loop-product__link\"><img decoding=\"async\" width=\"300\" height=\"300\" src=\"https:\/\/wineembassy.co\/wp-content\/uploads\/2023\/01\/Yalumba-Samuels-Collectio2-300x300.jpg\" class=\"attachment-woocommerce_thumbnail size-woocommerce_thumbnail\" alt=\"Samuels Collection Shiraz\" srcset=\"https:\/\/wineembassy.co\/wp-content\/uploads\/2023\/01\/Yalumba-Samuels-Collectio2-300x300.jpg 300w, https:\/\/wineembassy.co\/wp-content\/uploads\/2023\/01\/Yalumba-Samuels-Collectio2-150x150.jpg 150w, https:\/\/wineembassy.co\/wp-content\/uploads\/2023\/01\/Yalumba-Samuels-Collectio2-768x768.jpg 768w, https:\/\/wineembassy.co\/wp-content\/uploads\/2023\/01\/Yalumba-Samuels-Collectio2-600x600.jpg 600w, https:\/\/wineembassy.co\/wp-content\/uploads\/2023\/01\/Yalumba-Samuels-Collectio2-100x100.jpg 100w, https:\/\/wineembassy.co\/wp-content\/uploads\/2023\/01\/Yalumba-Samuels-Collectio2-270x270.jpg 270w, https:\/\/wineembassy.co\/wp-content\/uploads\/2023\/01\/Yalumba-Samuels-Collectio2-370x370.jpg 370w, https:\/\/wineembassy.co\/wp-content\/uploads\/2023\/01\/Yalumba-Samuels-Collectio2-170x170.jpg 170w, https:\/\/wineembassy.co\/wp-content\/uploads\/2023\/01\/Yalumba-Samuels-Collectio2.jpg 864w\" sizes=\"(max-width: 300px) 100vw, 300px\" \/><h2 class=\"woocommerce-loop-product__title\">Samuels Collection Shiraz<\/h2>\n\t<span class=\"price\"><span class=\"woocommerce-Price-amount amount\"><bdi><span class=\"woocommerce-Price-currencySymbol\">&#36;<\/span>29.80<\/bdi><\/span><\/span>\n<\/a><form action=\"\/es\/wp-json\/wp\/v2\/pages\/5491?add-to-cart=4996\" class=\"cart\" method=\"post\" enctype=\"multipart\/form-data\"><div class=\"quantity\">\n\t\t<label class=\"screen-reader-text\" for=\"quantity_69f2a35d174b8\">Samuels Collection Shiraz cantidad<\/label>\n\t<input\n\t\ttype=\"number\"\n\t\t\t\tid=\"quantity_69f2a35d174b8\"\n\t\tclass=\"input-text qty text\"\n\t\tname=\"quantity\"\n\t\tvalue=\"1\"\n\t\taria-label=\"Cantidad de productos\"\n\t\t\t\tmin=\"0\"\n\t\t\t\t\tmax=\"48\"\n\t\t\t\t\t\t\tstep=\"1\"\n\t\t\tplaceholder=\"\"\n\t\t\tinputmode=\"numeric\"\n\t\t\tautocomplete=\"off\"\n\t\t\t\/>\n\t<\/div>\n<button type=\"submit\" data-quantity=\"1\" data-product_id=\"4996\" class=\"button alt ajax_add_to_cart add_to_cart_button product_type_simple\">A\u00f1adir al carrito<\/button><\/form>\t<span id=\"woocommerce_loop_add_to_cart_link_describedby_4996\" class=\"screen-reader-text\">\n\t\t\t<\/span>\n<\/li>\n<li class=\"travel-monster-post latest_post product type-product post-4995 status-publish instock product_cat-cabernet-blends product_cat-rojo product_cat-shiraz-blends product_cat-yalumba-samuels-collection has-post-thumbnail taxable shipping-taxable purchasable product-type-simple\">\n\t<a href=\"https:\/\/wineembassy.co\/es\/product\/samuels-collection-shiraz-cabernet\/\" class=\"woocommerce-LoopProduct-link woocommerce-loop-product__link\"><img loading=\"lazy\" decoding=\"async\" width=\"300\" height=\"300\" src=\"https:\/\/wineembassy.co\/wp-content\/uploads\/2023\/01\/Yalumba-Samuels-Collection--300x300.jpg\" class=\"attachment-woocommerce_thumbnail size-woocommerce_thumbnail\" alt=\"Samuels Collection Shiraz Cabernet\" srcset=\"https:\/\/wineembassy.co\/wp-content\/uploads\/2023\/01\/Yalumba-Samuels-Collection--300x300.jpg 300w, https:\/\/wineembassy.co\/wp-content\/uploads\/2023\/01\/Yalumba-Samuels-Collection--150x150.jpg 150w, https:\/\/wineembassy.co\/wp-content\/uploads\/2023\/01\/Yalumba-Samuels-Collection--768x768.jpg 768w, https:\/\/wineembassy.co\/wp-content\/uploads\/2023\/01\/Yalumba-Samuels-Collection--600x600.jpg 600w, https:\/\/wineembassy.co\/wp-content\/uploads\/2023\/01\/Yalumba-Samuels-Collection--100x100.jpg 100w, https:\/\/wineembassy.co\/wp-content\/uploads\/2023\/01\/Yalumba-Samuels-Collection--270x270.jpg 270w, https:\/\/wineembassy.co\/wp-content\/uploads\/2023\/01\/Yalumba-Samuels-Collection--370x370.jpg 370w, https:\/\/wineembassy.co\/wp-content\/uploads\/2023\/01\/Yalumba-Samuels-Collection--170x170.jpg 170w, https:\/\/wineembassy.co\/wp-content\/uploads\/2023\/01\/Yalumba-Samuels-Collection-.jpg 864w\" sizes=\"(max-width: 300px) 100vw, 300px\" \/><h2 class=\"woocommerce-loop-product__title\">Samuels Collection Shiraz Cabernet<\/h2>\n\t<span class=\"price\"><span class=\"woocommerce-Price-amount amount\"><bdi><span class=\"woocommerce-Price-currencySymbol\">&#36;<\/span>29.80<\/bdi><\/span><\/span>\n<\/a><form action=\"\/es\/wp-json\/wp\/v2\/pages\/5491?add-to-cart=4995\" class=\"cart\" method=\"post\" enctype=\"multipart\/form-data\"><div class=\"quantity\">\n\t\t<label class=\"screen-reader-text\" for=\"quantity_69f2a35d19323\">Samuels Collection Shiraz Cabernet cantidad<\/label>\n\t<input\n\t\ttype=\"number\"\n\t\t\t\tid=\"quantity_69f2a35d19323\"\n\t\tclass=\"input-text qty text\"\n\t\tname=\"quantity\"\n\t\tvalue=\"1\"\n\t\taria-label=\"Cantidad de productos\"\n\t\t\t\tmin=\"0\"\n\t\t\t\t\tmax=\"3\"\n\t\t\t\t\t\t\tstep=\"1\"\n\t\t\tplaceholder=\"\"\n\t\t\tinputmode=\"numeric\"\n\t\t\tautocomplete=\"off\"\n\t\t\t\/>\n\t<\/div>\n<button type=\"submit\" data-quantity=\"1\" data-product_id=\"4995\" class=\"button alt ajax_add_to_cart add_to_cart_button product_type_simple\">A\u00f1adir al carrito<\/button><\/form>\t<span id=\"woocommerce_loop_add_to_cart_link_describedby_4995\" class=\"screen-reader-text\">\n\t\t\t<\/span>\n<\/li>\n<\/ul>\n<\/div><\/div>\n\t\t\t\t\t\t<\/div>\n\t\t\t\t<\/div>\n\t\t\t\t\t<\/div>\n\t\t<\/div>\n\t\t\t\t\t<\/div>\n\t\t<\/section>\n\t\t\t\t<\/div>\n\t\t","protected":false},"excerpt":{"rendered":"<p>The moment the founder, Samuel Smith, planted Yalumba\u2019s first vineyard\u00a0170\u00a0years ago, a\u00a0plan was put in motion. Full in history and rich in tales of perseverance, Samuel\u2019s Collection celebrates the founder of Yalumba and honours his spirit of embracing provenance and [&hellip;]<\/p>\n","protected":false},"author":1,"featured_media":0,"parent":0,"menu_order":0,"comment_status":"closed","ping_status":"closed","template":"","meta":{"footnotes":""},"class_list":["post-5491","page","type-page","status-publish","hentry","travel-monster-post","no-post-thumbnail","latest_post"],"_links":{"self":[{"href":"https:\/\/wineembassy.co\/es\/wp-json\/wp\/v2\/pages\/5491","targetHints":{"allow":["GET"]}}],"collection":[{"href":"https:\/\/wineembassy.co\/es\/wp-json\/wp\/v2\/pages"}],"about":[{"href":"https:\/\/wineembassy.co\/es\/wp-json\/wp\/v2\/types\/page"}],"author":[{"embeddable":true,"href":"https:\/\/wineembassy.co\/es\/wp-json\/wp\/v2\/users\/1"}],"replies":[{"embeddable":true,"href":"https:\/\/wineembassy.co\/es\/wp-json\/wp\/v2\/comments?post=5491"}],"version-history":[{"count":13,"href":"https:\/\/wineembassy.co\/es\/wp-json\/wp\/v2\/pages\/5491\/revisions"}],"predecessor-version":[{"id":6598,"href":"https:\/\/wineembassy.co\/es\/wp-json\/wp\/v2\/pages\/5491\/revisions\/6598"}],"wp:attachment":[{"href":"https:\/\/wineembassy.co\/es\/wp-json\/wp\/v2\/media?parent=5491"}],"curies":[{"name":"wp","href":"https:\/\/api.w.org\/{rel}","templated":true}]}}