{"id":5485,"date":"2023-02-06T02:16:17","date_gmt":"2023-02-06T02:16:17","guid":{"rendered":"https:\/\/miniwebspanama.com\/wineembassy\/?page_id=5485"},"modified":"2023-03-20T18:17:45","modified_gmt":"2023-03-20T18:17:45","slug":"yalumba-distinguished-series","status":"publish","type":"page","link":"https:\/\/wineembassy.co\/es\/yalumba-distinguished-series\/","title":{"rendered":"Yalumba Distinguished Series"},"content":{"rendered":"\t\t<div data-elementor-type=\"wp-page\" data-elementor-id=\"5485\" class=\"elementor elementor-5485\">\n\t\t\t\t\t\t<section class=\"elementor-section elementor-top-section elementor-element elementor-element-396099b4 elementor-section-boxed elementor-section-height-default elementor-section-height-default\" data-id=\"396099b4\" data-element_type=\"section\" data-e-type=\"section\" data-settings=\"{&quot;background_background&quot;:&quot;classic&quot;}\">\n\t\t\t\t\t\t<div class=\"elementor-container elementor-column-gap-default\">\n\t\t\t\t\t<div class=\"elementor-column elementor-col-100 elementor-top-column elementor-element elementor-element-6d455b88\" data-id=\"6d455b88\" data-element_type=\"column\" data-e-type=\"column\">\n\t\t\t<div class=\"elementor-widget-wrap elementor-element-populated\">\n\t\t\t\t\t\t<div class=\"elementor-element elementor-element-e61fa9c elementor-widget elementor-widget-image\" data-id=\"e61fa9c\" data-element_type=\"widget\" data-e-type=\"widget\" data-widget_type=\"image.default\">\n\t\t\t\t<div class=\"elementor-widget-container\">\n\t\t\t\t\t\t\t\t\t\t\t\t\t\t\t<img decoding=\"async\" width=\"150\" height=\"150\" src=\"https:\/\/wineembassy.co\/wp-content\/uploads\/2023\/02\/yalumba-d-series-s.jpg\" class=\"attachment-thumbnail size-thumbnail wp-image-6316\" alt=\"\" srcset=\"https:\/\/wineembassy.co\/wp-content\/uploads\/2023\/02\/yalumba-d-series-s.jpg 150w, https:\/\/wineembassy.co\/wp-content\/uploads\/2023\/02\/yalumba-d-series-s-100x100.jpg 100w\" sizes=\"(max-width: 150px) 100vw, 150px\" \/>\t\t\t\t\t\t\t\t\t\t\t\t\t\t\t<\/div>\n\t\t\t\t<\/div>\n\t\t\t\t<div class=\"elementor-element elementor-element-3b730564 elementor-widget elementor-widget-text-editor\" data-id=\"3b730564\" data-element_type=\"widget\" data-e-type=\"widget\" data-widget_type=\"text-editor.default\">\n\t\t\t\t<div class=\"elementor-widget-container\">\n\t\t\t\t\t\t\t\t\t<p style=\"text-align: center;\">Estos vinos representan el pin\u00e1culo de la vinificaci\u00f3n de Yalumba Estate. Combinaci\u00f3n de vi\u00f1as viejas, peque\u00f1as parcelas de uva y baja producci\u00f3n. Los tintos Australianos en su m\u00e1xima expresi\u00f3n.<\/p>\t\t\t\t\t\t\t\t<\/div>\n\t\t\t\t<\/div>\n\t\t\t\t\t<\/div>\n\t\t<\/div>\n\t\t\t\t\t<\/div>\n\t\t<\/section>\n\t\t\t\t<section class=\"elementor-section elementor-top-section elementor-element elementor-element-d06ae1b elementor-section-boxed elementor-section-height-default elementor-section-height-default\" data-id=\"d06ae1b\" data-element_type=\"section\" data-e-type=\"section\">\n\t\t\t\t\t\t<div class=\"elementor-container elementor-column-gap-default\">\n\t\t\t\t\t<div class=\"elementor-column elementor-col-100 elementor-top-column elementor-element elementor-element-2a3dac8\" data-id=\"2a3dac8\" data-element_type=\"column\" data-e-type=\"column\">\n\t\t\t<div class=\"elementor-widget-wrap elementor-element-populated\">\n\t\t\t\t\t\t<div class=\"elementor-element elementor-element-448bdf9 elementor-widget elementor-widget-shortcode\" data-id=\"448bdf9\" data-element_type=\"widget\" data-e-type=\"widget\" data-widget_type=\"shortcode.default\">\n\t\t\t\t<div class=\"elementor-widget-container\">\n\t\t\t\t\t\t\t<div class=\"elementor-shortcode\"><div class=\"woocommerce columns-4 \"><ul class=\"products columns-4\">\n<li class=\"travel-monster-post latest_post product type-product post-4998 status-publish first instock product_cat-cabernet-blends product_cat-shiraz-blends product_cat-yalumba-distinguished-sites has-post-thumbnail taxable shipping-taxable purchasable product-type-simple\">\n\t<a href=\"https:\/\/wineembassy.co\/es\/product\/the-signature-cabernet-sauvignon-shiraz\/\" class=\"woocommerce-LoopProduct-link woocommerce-loop-product__link\"><img fetchpriority=\"high\" decoding=\"async\" width=\"300\" height=\"300\" src=\"https:\/\/wineembassy.co\/wp-content\/uploads\/2023\/01\/The-Signature-Bottle-Image-300x300.jpg\" class=\"attachment-woocommerce_thumbnail size-woocommerce_thumbnail\" alt=\"The Signature Cabernet Sauvignon Shiraz\" srcset=\"https:\/\/wineembassy.co\/wp-content\/uploads\/2023\/01\/The-Signature-Bottle-Image-300x300.jpg 300w, https:\/\/wineembassy.co\/wp-content\/uploads\/2023\/01\/The-Signature-Bottle-Image-150x150.jpg 150w, https:\/\/wineembassy.co\/wp-content\/uploads\/2023\/01\/The-Signature-Bottle-Image-768x768.jpg 768w, https:\/\/wineembassy.co\/wp-content\/uploads\/2023\/01\/The-Signature-Bottle-Image-600x600.jpg 600w, https:\/\/wineembassy.co\/wp-content\/uploads\/2023\/01\/The-Signature-Bottle-Image-100x100.jpg 100w, https:\/\/wineembassy.co\/wp-content\/uploads\/2023\/01\/The-Signature-Bottle-Image-270x270.jpg 270w, https:\/\/wineembassy.co\/wp-content\/uploads\/2023\/01\/The-Signature-Bottle-Image-370x370.jpg 370w, https:\/\/wineembassy.co\/wp-content\/uploads\/2023\/01\/The-Signature-Bottle-Image-170x170.jpg 170w, https:\/\/wineembassy.co\/wp-content\/uploads\/2023\/01\/The-Signature-Bottle-Image.jpg 864w\" sizes=\"(max-width: 300px) 100vw, 300px\" \/><h2 class=\"woocommerce-loop-product__title\">The Signature Cabernet Sauvignon Shiraz<\/h2>\n\t<span class=\"price\"><span class=\"woocommerce-Price-amount amount\"><bdi><span class=\"woocommerce-Price-currencySymbol\">&#36;<\/span>70.00<\/bdi><\/span><\/span>\n<\/a><form action=\"\/es\/wp-json\/wp\/v2\/pages\/5485?add-to-cart=4998\" class=\"cart\" method=\"post\" enctype=\"multipart\/form-data\"><div class=\"quantity\">\n\t\t<label class=\"screen-reader-text\" for=\"quantity_69f2b3158086c\">The Signature Cabernet Sauvignon Shiraz cantidad<\/label>\n\t<input\n\t\ttype=\"number\"\n\t\t\t\tid=\"quantity_69f2b3158086c\"\n\t\tclass=\"input-text qty text\"\n\t\tname=\"quantity\"\n\t\tvalue=\"1\"\n\t\taria-label=\"Cantidad de productos\"\n\t\t\t\tmin=\"0\"\n\t\t\t\t\tmax=\"72\"\n\t\t\t\t\t\t\tstep=\"1\"\n\t\t\tplaceholder=\"\"\n\t\t\tinputmode=\"numeric\"\n\t\t\tautocomplete=\"off\"\n\t\t\t\/>\n\t<\/div>\n<button type=\"submit\" data-quantity=\"1\" data-product_id=\"4998\" class=\"button alt ajax_add_to_cart add_to_cart_button product_type_simple\">A\u00f1adir al carrito<\/button><\/form>\t<span id=\"woocommerce_loop_add_to_cart_link_describedby_4998\" class=\"screen-reader-text\">\n\t\t\t<\/span>\n<\/li>\n<li class=\"travel-monster-post latest_post product type-product post-5113 status-publish outofstock product_cat-cabernet-blends product_cat-yalumba-distinguished-sites has-post-thumbnail taxable shipping-taxable purchasable product-type-simple\">\n\t<a href=\"https:\/\/wineembassy.co\/es\/product\/yalumba-distinguished-sites-the-cigar-cabernet-sauvignon\/\" class=\"woocommerce-LoopProduct-link woocommerce-loop-product__link\"><img decoding=\"async\" width=\"300\" height=\"300\" src=\"https:\/\/wineembassy.co\/wp-content\/uploads\/2023\/01\/Yalumba-The-Cigar-Cabernet--300x300.jpg\" class=\"attachment-woocommerce_thumbnail size-woocommerce_thumbnail\" alt=\"Yalumba Distinguished Sites - The Cigar Cabernet Sauvignon\" srcset=\"https:\/\/wineembassy.co\/wp-content\/uploads\/2023\/01\/Yalumba-The-Cigar-Cabernet--300x300.jpg 300w, https:\/\/wineembassy.co\/wp-content\/uploads\/2023\/01\/Yalumba-The-Cigar-Cabernet--150x150.jpg 150w, https:\/\/wineembassy.co\/wp-content\/uploads\/2023\/01\/Yalumba-The-Cigar-Cabernet--768x768.jpg 768w, https:\/\/wineembassy.co\/wp-content\/uploads\/2023\/01\/Yalumba-The-Cigar-Cabernet--600x600.jpg 600w, https:\/\/wineembassy.co\/wp-content\/uploads\/2023\/01\/Yalumba-The-Cigar-Cabernet--100x100.jpg 100w, https:\/\/wineembassy.co\/wp-content\/uploads\/2023\/01\/Yalumba-The-Cigar-Cabernet--270x270.jpg 270w, https:\/\/wineembassy.co\/wp-content\/uploads\/2023\/01\/Yalumba-The-Cigar-Cabernet--370x370.jpg 370w, https:\/\/wineembassy.co\/wp-content\/uploads\/2023\/01\/Yalumba-The-Cigar-Cabernet--170x170.jpg 170w, https:\/\/wineembassy.co\/wp-content\/uploads\/2023\/01\/Yalumba-The-Cigar-Cabernet-.jpg 864w\" sizes=\"(max-width: 300px) 100vw, 300px\" \/><h2 class=\"woocommerce-loop-product__title\">Yalumba Distinguished Sites - The Cigar Cabernet Sauvignon<\/h2>\n\t<span class=\"price\"><span class=\"woocommerce-Price-amount amount\"><bdi><span class=\"woocommerce-Price-currencySymbol\">&#36;<\/span>35.70<\/bdi><\/span><\/span>\n<\/a><a href=\"https:\/\/wineembassy.co\/es\/product\/yalumba-distinguished-sites-the-cigar-cabernet-sauvignon\/\" aria-describedby=\"woocommerce_loop_add_to_cart_link_describedby_5113\" data-quantity=\"1\" class=\"button product_type_simple\" data-product_id=\"5113\" data-product_sku=\"\" aria-label=\"Lee m\u00e1s sobre &ldquo;Yalumba Distinguished Sites - The Cigar Cabernet Sauvignon&rdquo;\" rel=\"nofollow\" data-success_message=\"\">Leer m\u00e1s<\/a>\t<span id=\"woocommerce_loop_add_to_cart_link_describedby_5113\" class=\"screen-reader-text\">\n\t\t\t<\/span>\n<\/li>\n<li class=\"travel-monster-post latest_post product type-product post-5117 status-publish instock product_cat-shiraz-blends product_cat-yalumba-distinguished-sites has-post-thumbnail taxable shipping-taxable purchasable product-type-simple\">\n\t<a href=\"https:\/\/wineembassy.co\/es\/product\/yalumba-distinguished-sites-hand-picked-shiraz-viognier\/\" class=\"woocommerce-LoopProduct-link woocommerce-loop-product__link\"><img loading=\"lazy\" decoding=\"async\" width=\"300\" height=\"300\" src=\"https:\/\/wineembassy.co\/wp-content\/uploads\/2023\/01\/Yalumba-Hand-Picked-Shiraz--300x300.jpg\" class=\"attachment-woocommerce_thumbnail size-woocommerce_thumbnail\" alt=\"Yalumba Distinguished Sites \u2013 Hand Picked Shiraz Viognier\" srcset=\"https:\/\/wineembassy.co\/wp-content\/uploads\/2023\/01\/Yalumba-Hand-Picked-Shiraz--300x300.jpg 300w, https:\/\/wineembassy.co\/wp-content\/uploads\/2023\/01\/Yalumba-Hand-Picked-Shiraz--150x150.jpg 150w, https:\/\/wineembassy.co\/wp-content\/uploads\/2023\/01\/Yalumba-Hand-Picked-Shiraz--768x768.jpg 768w, https:\/\/wineembassy.co\/wp-content\/uploads\/2023\/01\/Yalumba-Hand-Picked-Shiraz--600x600.jpg 600w, https:\/\/wineembassy.co\/wp-content\/uploads\/2023\/01\/Yalumba-Hand-Picked-Shiraz--100x100.jpg 100w, https:\/\/wineembassy.co\/wp-content\/uploads\/2023\/01\/Yalumba-Hand-Picked-Shiraz--270x270.jpg 270w, https:\/\/wineembassy.co\/wp-content\/uploads\/2023\/01\/Yalumba-Hand-Picked-Shiraz--370x370.jpg 370w, https:\/\/wineembassy.co\/wp-content\/uploads\/2023\/01\/Yalumba-Hand-Picked-Shiraz--170x170.jpg 170w, https:\/\/wineembassy.co\/wp-content\/uploads\/2023\/01\/Yalumba-Hand-Picked-Shiraz-.jpg 864w\" sizes=\"(max-width: 300px) 100vw, 300px\" \/><h2 class=\"woocommerce-loop-product__title\">Yalumba Distinguished Sites \u2013 Hand Picked Shiraz Viognier<\/h2>\n\t<span class=\"price\"><span class=\"woocommerce-Price-amount amount\"><bdi><span class=\"woocommerce-Price-currencySymbol\">&#36;<\/span>46.80<\/bdi><\/span><\/span>\n<\/a><form action=\"\/es\/wp-json\/wp\/v2\/pages\/5485?add-to-cart=5117\" class=\"cart\" method=\"post\" enctype=\"multipart\/form-data\"><div class=\"quantity\">\n\t\t<label class=\"screen-reader-text\" for=\"quantity_69f2b315855e4\">Yalumba Distinguished Sites \u2013 Hand Picked Shiraz Viognier cantidad<\/label>\n\t<input\n\t\ttype=\"number\"\n\t\t\t\tid=\"quantity_69f2b315855e4\"\n\t\tclass=\"input-text qty text\"\n\t\tname=\"quantity\"\n\t\tvalue=\"1\"\n\t\taria-label=\"Cantidad de productos\"\n\t\t\t\tmin=\"0\"\n\t\t\t\t\tmax=\"84\"\n\t\t\t\t\t\t\tstep=\"1\"\n\t\t\tplaceholder=\"\"\n\t\t\tinputmode=\"numeric\"\n\t\t\tautocomplete=\"off\"\n\t\t\t\/>\n\t<\/div>\n<button type=\"submit\" data-quantity=\"1\" data-product_id=\"5117\" class=\"button alt ajax_add_to_cart add_to_cart_button product_type_simple\">A\u00f1adir al carrito<\/button><\/form>\t<span id=\"woocommerce_loop_add_to_cart_link_describedby_5117\" class=\"screen-reader-text\">\n\t\t\t<\/span>\n<\/li>\n<li class=\"travel-monster-post latest_post product type-product post-5115 status-publish last outofstock product_cat-shiraz-blends product_cat-yalumba-distinguished-sites has-post-thumbnail taxable shipping-taxable purchasable product-type-simple\">\n\t<a href=\"https:\/\/wineembassy.co\/es\/product\/yalumba-distinguished-sites-paradox-shiraz\/\" class=\"woocommerce-LoopProduct-link woocommerce-loop-product__link\"><img loading=\"lazy\" decoding=\"async\" width=\"300\" height=\"300\" src=\"https:\/\/wineembassy.co\/wp-content\/uploads\/2023\/02\/Yalumba-Paradox-300x300.jpg\" class=\"attachment-woocommerce_thumbnail size-woocommerce_thumbnail\" alt=\"Yalumba Distinguished Sites \u2013 Paradox Shiraz\" srcset=\"https:\/\/wineembassy.co\/wp-content\/uploads\/2023\/02\/Yalumba-Paradox-300x300.jpg 300w, https:\/\/wineembassy.co\/wp-content\/uploads\/2023\/02\/Yalumba-Paradox-150x150.jpg 150w, https:\/\/wineembassy.co\/wp-content\/uploads\/2023\/02\/Yalumba-Paradox-768x768.jpg 768w, https:\/\/wineembassy.co\/wp-content\/uploads\/2023\/02\/Yalumba-Paradox-600x600.jpg 600w, https:\/\/wineembassy.co\/wp-content\/uploads\/2023\/02\/Yalumba-Paradox-100x100.jpg 100w, https:\/\/wineembassy.co\/wp-content\/uploads\/2023\/02\/Yalumba-Paradox-270x270.jpg 270w, https:\/\/wineembassy.co\/wp-content\/uploads\/2023\/02\/Yalumba-Paradox-370x370.jpg 370w, https:\/\/wineembassy.co\/wp-content\/uploads\/2023\/02\/Yalumba-Paradox-170x170.jpg 170w, https:\/\/wineembassy.co\/wp-content\/uploads\/2023\/02\/Yalumba-Paradox.jpg 864w\" sizes=\"(max-width: 300px) 100vw, 300px\" \/><h2 class=\"woocommerce-loop-product__title\">Yalumba Distinguished Sites \u2013 Paradox Shiraz<\/h2>\n\t<span class=\"price\"><span class=\"woocommerce-Price-amount amount\"><bdi><span class=\"woocommerce-Price-currencySymbol\">&#36;<\/span>45.70<\/bdi><\/span><\/span>\n<\/a><a href=\"https:\/\/wineembassy.co\/es\/product\/yalumba-distinguished-sites-paradox-shiraz\/\" aria-describedby=\"woocommerce_loop_add_to_cart_link_describedby_5115\" data-quantity=\"1\" class=\"button product_type_simple\" data-product_id=\"5115\" data-product_sku=\"\" aria-label=\"Lee m\u00e1s sobre &ldquo;Yalumba Distinguished Sites \u2013 Paradox Shiraz&rdquo;\" rel=\"nofollow\" data-success_message=\"\">Leer m\u00e1s<\/a>\t<span id=\"woocommerce_loop_add_to_cart_link_describedby_5115\" class=\"screen-reader-text\">\n\t\t\t<\/span>\n<\/li>\n<\/ul>\n<\/div><\/div>\n\t\t\t\t\t\t<\/div>\n\t\t\t\t<\/div>\n\t\t\t\t\t<\/div>\n\t\t<\/div>\n\t\t\t\t\t<\/div>\n\t\t<\/section>\n\t\t\t\t<\/div>\n\t\t","protected":false},"excerpt":{"rendered":"<p>These wines represent the pinnacle of Yalumba Estate winemaking. Combination of old vines, small grape plots and low production.\u00a0Australian reds at their best. The Signature Cabernet Sauvignon Shiraz &#36;70.00 The Signature Cabernet Sauvignon Shiraz cantidad A\u00f1adir al carrito Yalumba Distinguished [&hellip;]<\/p>\n","protected":false},"author":1,"featured_media":0,"parent":0,"menu_order":0,"comment_status":"closed","ping_status":"closed","template":"","meta":{"footnotes":""},"class_list":["post-5485","page","type-page","status-publish","hentry","travel-monster-post","no-post-thumbnail","latest_post"],"_links":{"self":[{"href":"https:\/\/wineembassy.co\/es\/wp-json\/wp\/v2\/pages\/5485","targetHints":{"allow":["GET"]}}],"collection":[{"href":"https:\/\/wineembassy.co\/es\/wp-json\/wp\/v2\/pages"}],"about":[{"href":"https:\/\/wineembassy.co\/es\/wp-json\/wp\/v2\/types\/page"}],"author":[{"embeddable":true,"href":"https:\/\/wineembassy.co\/es\/wp-json\/wp\/v2\/users\/1"}],"replies":[{"embeddable":true,"href":"https:\/\/wineembassy.co\/es\/wp-json\/wp\/v2\/comments?post=5485"}],"version-history":[{"count":10,"href":"https:\/\/wineembassy.co\/es\/wp-json\/wp\/v2\/pages\/5485\/revisions"}],"predecessor-version":[{"id":6595,"href":"https:\/\/wineembassy.co\/es\/wp-json\/wp\/v2\/pages\/5485\/revisions\/6595"}],"wp:attachment":[{"href":"https:\/\/wineembassy.co\/es\/wp-json\/wp\/v2\/media?parent=5485"}],"curies":[{"name":"wp","href":"https:\/\/api.w.org\/{rel}","templated":true}]}}