{"id":5464,"date":"2023-02-06T02:16:17","date_gmt":"2023-02-06T02:16:17","guid":{"rendered":"https:\/\/miniwebspanama.com\/wineembassy\/?page_id=5464"},"modified":"2023-07-11T20:41:54","modified_gmt":"2023-07-11T20:41:54","slug":"hay-shed-hill","status":"publish","type":"page","link":"https:\/\/wineembassy.co\/es\/hay-shed-hill\/","title":{"rendered":"Hay Shed Hill"},"content":{"rendered":"\t\t<div data-elementor-type=\"wp-page\" data-elementor-id=\"5464\" class=\"elementor elementor-5464\">\n\t\t\t\t\t\t<section class=\"elementor-section elementor-top-section elementor-element elementor-element-396099b4 elementor-section-boxed elementor-section-height-default elementor-section-height-default\" data-id=\"396099b4\" data-element_type=\"section\" data-e-type=\"section\" data-settings=\"{&quot;background_background&quot;:&quot;classic&quot;}\">\n\t\t\t\t\t\t<div class=\"elementor-container elementor-column-gap-default\">\n\t\t\t\t\t<div class=\"elementor-column elementor-col-100 elementor-top-column elementor-element elementor-element-6d455b88\" data-id=\"6d455b88\" data-element_type=\"column\" data-e-type=\"column\">\n\t\t\t<div class=\"elementor-widget-wrap elementor-element-populated\">\n\t\t\t\t\t\t<div class=\"elementor-element elementor-element-e61fa9c elementor-widget elementor-widget-image\" data-id=\"e61fa9c\" data-element_type=\"widget\" data-e-type=\"widget\" data-widget_type=\"image.default\">\n\t\t\t\t<div class=\"elementor-widget-container\">\n\t\t\t\t\t\t\t\t\t\t\t\t\t\t\t<img decoding=\"async\" width=\"150\" height=\"150\" src=\"https:\/\/wineembassy.co\/wp-content\/uploads\/2023\/02\/hayshedhill-s.jpg\" class=\"attachment-thumbnail size-thumbnail wp-image-6310\" alt=\"\" srcset=\"https:\/\/wineembassy.co\/wp-content\/uploads\/2023\/02\/hayshedhill-s.jpg 150w, https:\/\/wineembassy.co\/wp-content\/uploads\/2023\/02\/hayshedhill-s-100x100.jpg 100w\" sizes=\"(max-width: 150px) 100vw, 150px\" \/>\t\t\t\t\t\t\t\t\t\t\t\t\t\t\t<\/div>\n\t\t\t\t<\/div>\n\t\t\t\t<div class=\"elementor-element elementor-element-3b730564 elementor-widget elementor-widget-text-editor\" data-id=\"3b730564\" data-element_type=\"widget\" data-e-type=\"widget\" data-widget_type=\"text-editor.default\">\n\t\t\t\t<div class=\"elementor-widget-container\">\n\t\t\t\t\t\t\t\t\t<p style=\"text-align: center;\">Propiedad del legendario en\u00f3logo australiano Mike Kerrigan, Hay Shed Hill es un vi\u00f1edo pionero en Margaret River, una de las regiones vitivin\u00edcolas m\u00e1s prestigiosas de Australia que produce algunos de los mejores vinos Cabernet del mundo. <\/p>\t\t\t\t\t\t\t\t<\/div>\n\t\t\t\t<\/div>\n\t\t\t\t\t<\/div>\n\t\t<\/div>\n\t\t\t\t\t<\/div>\n\t\t<\/section>\n\t\t\t\t<section class=\"elementor-section elementor-top-section elementor-element elementor-element-d06ae1b elementor-section-boxed elementor-section-height-default elementor-section-height-default\" data-id=\"d06ae1b\" data-element_type=\"section\" data-e-type=\"section\">\n\t\t\t\t\t\t<div class=\"elementor-container elementor-column-gap-default\">\n\t\t\t\t\t<div class=\"elementor-column elementor-col-100 elementor-top-column elementor-element elementor-element-2a3dac8\" data-id=\"2a3dac8\" data-element_type=\"column\" data-e-type=\"column\">\n\t\t\t<div class=\"elementor-widget-wrap elementor-element-populated\">\n\t\t\t\t\t\t<div class=\"elementor-element elementor-element-448bdf9 elementor-widget elementor-widget-shortcode\" data-id=\"448bdf9\" data-element_type=\"widget\" data-e-type=\"widget\" data-widget_type=\"shortcode.default\">\n\t\t\t\t<div class=\"elementor-widget-container\">\n\t\t\t\t\t\t\t<div class=\"elementor-shortcode\"><div class=\"woocommerce columns-4 \"><ul class=\"products columns-4\">\n<li class=\"travel-monster-post latest_post product type-product post-4986 status-publish first instock product_cat-cabernet-blends product_cat-hay-shed-hill-wines product_cat-merlot has-post-thumbnail taxable shipping-taxable purchasable product-type-simple\">\n\t<a href=\"https:\/\/wineembassy.co\/es\/product\/hay-shed-hill-cabernet-merlot\/\" class=\"woocommerce-LoopProduct-link woocommerce-loop-product__link\"><img fetchpriority=\"high\" decoding=\"async\" width=\"300\" height=\"300\" src=\"https:\/\/wineembassy.co\/wp-content\/uploads\/2023\/01\/Hay-Shed-Hill-Cabernet-Merl-300x300.jpg\" class=\"attachment-woocommerce_thumbnail size-woocommerce_thumbnail\" alt=\"Hay Shed Hill Cabernet Merlot\" srcset=\"https:\/\/wineembassy.co\/wp-content\/uploads\/2023\/01\/Hay-Shed-Hill-Cabernet-Merl-300x300.jpg 300w, https:\/\/wineembassy.co\/wp-content\/uploads\/2023\/01\/Hay-Shed-Hill-Cabernet-Merl-150x150.jpg 150w, https:\/\/wineembassy.co\/wp-content\/uploads\/2023\/01\/Hay-Shed-Hill-Cabernet-Merl-768x768.jpg 768w, https:\/\/wineembassy.co\/wp-content\/uploads\/2023\/01\/Hay-Shed-Hill-Cabernet-Merl-600x600.jpg 600w, https:\/\/wineembassy.co\/wp-content\/uploads\/2023\/01\/Hay-Shed-Hill-Cabernet-Merl-100x100.jpg 100w, https:\/\/wineembassy.co\/wp-content\/uploads\/2023\/01\/Hay-Shed-Hill-Cabernet-Merl-270x270.jpg 270w, https:\/\/wineembassy.co\/wp-content\/uploads\/2023\/01\/Hay-Shed-Hill-Cabernet-Merl-370x370.jpg 370w, https:\/\/wineembassy.co\/wp-content\/uploads\/2023\/01\/Hay-Shed-Hill-Cabernet-Merl-170x170.jpg 170w, https:\/\/wineembassy.co\/wp-content\/uploads\/2023\/01\/Hay-Shed-Hill-Cabernet-Merl.jpg 864w\" sizes=\"(max-width: 300px) 100vw, 300px\" \/><h2 class=\"woocommerce-loop-product__title\">Hay Shed Hill Cabernet Merlot<\/h2>\n\t<span class=\"price\"><span class=\"woocommerce-Price-amount amount\"><bdi><span class=\"woocommerce-Price-currencySymbol\">&#36;<\/span>24.80<\/bdi><\/span><\/span>\n<\/a><form action=\"\/es\/wp-json\/wp\/v2\/pages\/5464?add-to-cart=4986\" class=\"cart\" method=\"post\" enctype=\"multipart\/form-data\"><div class=\"quantity\">\n\t\t<label class=\"screen-reader-text\" for=\"quantity_69f2a32974305\">Hay Shed Hill Cabernet Merlot cantidad<\/label>\n\t<input\n\t\ttype=\"number\"\n\t\t\t\tid=\"quantity_69f2a32974305\"\n\t\tclass=\"input-text qty text\"\n\t\tname=\"quantity\"\n\t\tvalue=\"1\"\n\t\taria-label=\"Cantidad de productos\"\n\t\t\t\tmin=\"0\"\n\t\t\t\t\tmax=\"12\"\n\t\t\t\t\t\t\tstep=\"1\"\n\t\t\tplaceholder=\"\"\n\t\t\tinputmode=\"numeric\"\n\t\t\tautocomplete=\"off\"\n\t\t\t\/>\n\t<\/div>\n<button type=\"submit\" data-quantity=\"1\" data-product_id=\"4986\" class=\"button alt ajax_add_to_cart add_to_cart_button product_type_simple\">A\u00f1adir al carrito<\/button><\/form>\t<span id=\"woocommerce_loop_add_to_cart_link_describedby_4986\" class=\"screen-reader-text\">\n\t\t\t<\/span>\n<\/li>\n<li class=\"travel-monster-post latest_post product type-product post-4987 status-publish instock product_cat-cabernet-blends product_cat-hay-shed-hill-wines has-post-thumbnail taxable shipping-taxable purchasable product-type-simple\">\n\t<a href=\"https:\/\/wineembassy.co\/es\/product\/hay-shed-hill-cabernet-sauvignon\/\" class=\"woocommerce-LoopProduct-link woocommerce-loop-product__link\"><img decoding=\"async\" width=\"300\" height=\"300\" src=\"https:\/\/wineembassy.co\/wp-content\/uploads\/2023\/01\/Hay-Shed-Hill-Cabernet-Sauv-300x300.jpg\" class=\"attachment-woocommerce_thumbnail size-woocommerce_thumbnail\" alt=\"Hay Shed Hill Cabernet Sauvignon\" srcset=\"https:\/\/wineembassy.co\/wp-content\/uploads\/2023\/01\/Hay-Shed-Hill-Cabernet-Sauv-300x300.jpg 300w, https:\/\/wineembassy.co\/wp-content\/uploads\/2023\/01\/Hay-Shed-Hill-Cabernet-Sauv-150x150.jpg 150w, https:\/\/wineembassy.co\/wp-content\/uploads\/2023\/01\/Hay-Shed-Hill-Cabernet-Sauv-768x768.jpg 768w, https:\/\/wineembassy.co\/wp-content\/uploads\/2023\/01\/Hay-Shed-Hill-Cabernet-Sauv-600x600.jpg 600w, https:\/\/wineembassy.co\/wp-content\/uploads\/2023\/01\/Hay-Shed-Hill-Cabernet-Sauv-100x100.jpg 100w, https:\/\/wineembassy.co\/wp-content\/uploads\/2023\/01\/Hay-Shed-Hill-Cabernet-Sauv-270x270.jpg 270w, https:\/\/wineembassy.co\/wp-content\/uploads\/2023\/01\/Hay-Shed-Hill-Cabernet-Sauv-370x370.jpg 370w, https:\/\/wineembassy.co\/wp-content\/uploads\/2023\/01\/Hay-Shed-Hill-Cabernet-Sauv-170x170.jpg 170w, https:\/\/wineembassy.co\/wp-content\/uploads\/2023\/01\/Hay-Shed-Hill-Cabernet-Sauv.jpg 864w\" sizes=\"(max-width: 300px) 100vw, 300px\" \/><h2 class=\"woocommerce-loop-product__title\">Hay Shed Hill Cabernet Sauvignon<\/h2>\n\t<span class=\"price\"><span class=\"woocommerce-Price-amount amount\"><bdi><span class=\"woocommerce-Price-currencySymbol\">&#36;<\/span>28.30<\/bdi><\/span><\/span>\n<\/a><form action=\"\/es\/wp-json\/wp\/v2\/pages\/5464?add-to-cart=4987\" class=\"cart\" method=\"post\" enctype=\"multipart\/form-data\"><div class=\"quantity\">\n\t\t<label class=\"screen-reader-text\" for=\"quantity_69f2a32975eff\">Hay Shed Hill Cabernet Sauvignon cantidad<\/label>\n\t<input\n\t\ttype=\"number\"\n\t\t\t\tid=\"quantity_69f2a32975eff\"\n\t\tclass=\"input-text qty text\"\n\t\tname=\"quantity\"\n\t\tvalue=\"1\"\n\t\taria-label=\"Cantidad de productos\"\n\t\t\t\tmin=\"0\"\n\t\t\t\t\tmax=\"2\"\n\t\t\t\t\t\t\tstep=\"1\"\n\t\t\tplaceholder=\"\"\n\t\t\tinputmode=\"numeric\"\n\t\t\tautocomplete=\"off\"\n\t\t\t\/>\n\t<\/div>\n<button type=\"submit\" data-quantity=\"1\" data-product_id=\"4987\" class=\"button alt ajax_add_to_cart add_to_cart_button product_type_simple\">A\u00f1adir al carrito<\/button><\/form>\t<span id=\"woocommerce_loop_add_to_cart_link_describedby_4987\" class=\"screen-reader-text\">\n\t\t\t<\/span>\n<\/li>\n<li class=\"travel-monster-post latest_post product type-product post-4845 status-publish instock product_cat-cabernet-blends product_cat-hay-shed-hill-wines product_cat-merlot product_cat-rojo has-post-thumbnail featured taxable shipping-taxable purchasable product-type-simple\">\n\t<a href=\"https:\/\/wineembassy.co\/es\/product\/pitchfork-cabernet-merlot\/\" class=\"woocommerce-LoopProduct-link woocommerce-loop-product__link\"><img loading=\"lazy\" decoding=\"async\" width=\"300\" height=\"300\" src=\"https:\/\/wineembassy.co\/wp-content\/uploads\/2023\/01\/Pitchfork-Cabernet-Merlot-300x300.jpg\" class=\"attachment-woocommerce_thumbnail size-woocommerce_thumbnail\" alt=\"Pitchfork Cabernet Merlot\" srcset=\"https:\/\/wineembassy.co\/wp-content\/uploads\/2023\/01\/Pitchfork-Cabernet-Merlot-300x300.jpg 300w, https:\/\/wineembassy.co\/wp-content\/uploads\/2023\/01\/Pitchfork-Cabernet-Merlot-150x150.jpg 150w, https:\/\/wineembassy.co\/wp-content\/uploads\/2023\/01\/Pitchfork-Cabernet-Merlot-768x768.jpg 768w, https:\/\/wineembassy.co\/wp-content\/uploads\/2023\/01\/Pitchfork-Cabernet-Merlot-600x600.jpg 600w, https:\/\/wineembassy.co\/wp-content\/uploads\/2023\/01\/Pitchfork-Cabernet-Merlot-100x100.jpg 100w, https:\/\/wineembassy.co\/wp-content\/uploads\/2023\/01\/Pitchfork-Cabernet-Merlot-270x270.jpg 270w, https:\/\/wineembassy.co\/wp-content\/uploads\/2023\/01\/Pitchfork-Cabernet-Merlot-370x370.jpg 370w, https:\/\/wineembassy.co\/wp-content\/uploads\/2023\/01\/Pitchfork-Cabernet-Merlot-170x170.jpg 170w, https:\/\/wineembassy.co\/wp-content\/uploads\/2023\/01\/Pitchfork-Cabernet-Merlot.jpg 864w\" sizes=\"(max-width: 300px) 100vw, 300px\" \/><h2 class=\"woocommerce-loop-product__title\">Pitchfork Cabernet Merlot<\/h2>\n\t<span class=\"price\"><span class=\"woocommerce-Price-amount amount\"><bdi><span class=\"woocommerce-Price-currencySymbol\">&#36;<\/span>21.80<\/bdi><\/span><\/span>\n<\/a><form action=\"\/es\/wp-json\/wp\/v2\/pages\/5464?add-to-cart=4845\" class=\"cart\" method=\"post\" enctype=\"multipart\/form-data\"><div class=\"quantity\">\n\t\t<label class=\"screen-reader-text\" for=\"quantity_69f2a3297857c\">Pitchfork Cabernet Merlot cantidad<\/label>\n\t<input\n\t\ttype=\"number\"\n\t\t\t\tid=\"quantity_69f2a3297857c\"\n\t\tclass=\"input-text qty text\"\n\t\tname=\"quantity\"\n\t\tvalue=\"1\"\n\t\taria-label=\"Cantidad de productos\"\n\t\t\t\tmin=\"0\"\n\t\t\t\t\tmax=\"12\"\n\t\t\t\t\t\t\tstep=\"1\"\n\t\t\tplaceholder=\"\"\n\t\t\tinputmode=\"numeric\"\n\t\t\tautocomplete=\"off\"\n\t\t\t\/>\n\t<\/div>\n<button type=\"submit\" data-quantity=\"1\" data-product_id=\"4845\" class=\"button alt ajax_add_to_cart add_to_cart_button product_type_simple\">A\u00f1adir al carrito<\/button><\/form>\t<span id=\"woocommerce_loop_add_to_cart_link_describedby_4845\" class=\"screen-reader-text\">\n\t\t\t<\/span>\n<\/li>\n<\/ul>\n<\/div><\/div>\n\t\t\t\t\t\t<\/div>\n\t\t\t\t<\/div>\n\t\t\t\t\t<\/div>\n\t\t<\/div>\n\t\t\t\t\t<\/div>\n\t\t<\/section>\n\t\t\t\t<\/div>\n\t\t","protected":false},"excerpt":{"rendered":"<p>Owned by legendary Australian winemaker Mike Kerrigan, Hay Shed Hill is a pioneering vineyard in Margaret River, one of Australia&#8217;s most prestigious wine-growing regions that produces some of the best Cabernet wines in the world. Hay Shed Hill Cabernet Merlot [&hellip;]<\/p>\n","protected":false},"author":1,"featured_media":0,"parent":0,"menu_order":0,"comment_status":"closed","ping_status":"closed","template":"","meta":{"footnotes":""},"class_list":["post-5464","page","type-page","status-publish","hentry","travel-monster-post","no-post-thumbnail","latest_post"],"_links":{"self":[{"href":"https:\/\/wineembassy.co\/es\/wp-json\/wp\/v2\/pages\/5464","targetHints":{"allow":["GET"]}}],"collection":[{"href":"https:\/\/wineembassy.co\/es\/wp-json\/wp\/v2\/pages"}],"about":[{"href":"https:\/\/wineembassy.co\/es\/wp-json\/wp\/v2\/types\/page"}],"author":[{"embeddable":true,"href":"https:\/\/wineembassy.co\/es\/wp-json\/wp\/v2\/users\/1"}],"replies":[{"embeddable":true,"href":"https:\/\/wineembassy.co\/es\/wp-json\/wp\/v2\/comments?post=5464"}],"version-history":[{"count":31,"href":"https:\/\/wineembassy.co\/es\/wp-json\/wp\/v2\/pages\/5464\/revisions"}],"predecessor-version":[{"id":6812,"href":"https:\/\/wineembassy.co\/es\/wp-json\/wp\/v2\/pages\/5464\/revisions\/6812"}],"wp:attachment":[{"href":"https:\/\/wineembassy.co\/es\/wp-json\/wp\/v2\/media?parent=5464"}],"curies":[{"name":"wp","href":"https:\/\/api.w.org\/{rel}","templated":true}]}}