{"id":5418,"date":"2023-02-06T02:16:17","date_gmt":"2023-02-06T02:16:17","guid":{"rendered":"https:\/\/miniwebspanama.com\/wineembassy\/?page_id=5418"},"modified":"2023-03-20T18:13:37","modified_gmt":"2023-03-20T18:13:37","slug":"earthworks","status":"publish","type":"page","link":"https:\/\/wineembassy.co\/es\/earthworks\/","title":{"rendered":"Earthworks"},"content":{"rendered":"\t\t<div data-elementor-type=\"wp-page\" data-elementor-id=\"5418\" class=\"elementor elementor-5418\">\n\t\t\t\t\t\t<section class=\"elementor-section elementor-top-section elementor-element elementor-element-396099b4 elementor-section-boxed elementor-section-height-default elementor-section-height-default\" data-id=\"396099b4\" data-element_type=\"section\" data-e-type=\"section\" data-settings=\"{&quot;background_background&quot;:&quot;classic&quot;}\">\n\t\t\t\t\t\t<div class=\"elementor-container elementor-column-gap-default\">\n\t\t\t\t\t<div class=\"elementor-column elementor-col-100 elementor-top-column elementor-element elementor-element-6d455b88\" data-id=\"6d455b88\" data-element_type=\"column\" data-e-type=\"column\">\n\t\t\t<div class=\"elementor-widget-wrap elementor-element-populated\">\n\t\t\t\t\t\t<div class=\"elementor-element elementor-element-e61fa9c elementor-widget elementor-widget-image\" data-id=\"e61fa9c\" data-element_type=\"widget\" data-e-type=\"widget\" data-widget_type=\"image.default\">\n\t\t\t\t<div class=\"elementor-widget-container\">\n\t\t\t\t\t\t\t\t\t\t\t\t\t\t\t<img decoding=\"async\" width=\"150\" height=\"150\" src=\"https:\/\/wineembassy.co\/wp-content\/uploads\/2023\/02\/logo-earthworks-s.jpg\" class=\"attachment-thumbnail size-thumbnail wp-image-6311\" alt=\"\" srcset=\"https:\/\/wineembassy.co\/wp-content\/uploads\/2023\/02\/logo-earthworks-s.jpg 150w, https:\/\/wineembassy.co\/wp-content\/uploads\/2023\/02\/logo-earthworks-s-100x100.jpg 100w\" sizes=\"(max-width: 150px) 100vw, 150px\" \/>\t\t\t\t\t\t\t\t\t\t\t\t\t\t\t<\/div>\n\t\t\t\t<\/div>\n\t\t\t\t<div class=\"elementor-element elementor-element-3b730564 elementor-widget elementor-widget-text-editor\" data-id=\"3b730564\" data-element_type=\"widget\" data-e-type=\"widget\" data-widget_type=\"text-editor.default\">\n\t\t\t\t<div class=\"elementor-widget-container\">\n\t\t\t\t\t\t\t\t\t<p style=\"text-align: center;\">De propiedad y operaci\u00f3n familiar, Barossa Earthworks elabora sus vinos a partir de uvas 100% Barossa, cultivadas en peque\u00f1os vi\u00f1edos familiares. Utilizando m\u00e1s de 160 a\u00f1os de conocimiento del vino local, m\u00e9todos tradicionales de vinificaci\u00f3n.<\/p>\t\t\t\t\t\t\t\t<\/div>\n\t\t\t\t<\/div>\n\t\t\t\t\t<\/div>\n\t\t<\/div>\n\t\t\t\t\t<\/div>\n\t\t<\/section>\n\t\t\t\t<section class=\"elementor-section elementor-top-section elementor-element elementor-element-d06ae1b elementor-section-boxed elementor-section-height-default elementor-section-height-default\" data-id=\"d06ae1b\" data-element_type=\"section\" data-e-type=\"section\">\n\t\t\t\t\t\t<div class=\"elementor-container elementor-column-gap-default\">\n\t\t\t\t\t<div class=\"elementor-column elementor-col-100 elementor-top-column elementor-element elementor-element-2a3dac8\" data-id=\"2a3dac8\" data-element_type=\"column\" data-e-type=\"column\">\n\t\t\t<div class=\"elementor-widget-wrap elementor-element-populated\">\n\t\t\t\t\t\t<div class=\"elementor-element elementor-element-448bdf9 elementor-widget elementor-widget-shortcode\" data-id=\"448bdf9\" data-element_type=\"widget\" data-e-type=\"widget\" data-widget_type=\"shortcode.default\">\n\t\t\t\t<div class=\"elementor-widget-container\">\n\t\t\t\t\t\t\t<div class=\"elementor-shortcode\"><div class=\"woocommerce columns-4 \"><ul class=\"products columns-4\">\n<li class=\"travel-monster-post latest_post product type-product post-5110 status-publish first instock product_cat-cabernet-blends product_cat-earthworks product_cat-rojo has-post-thumbnail taxable shipping-taxable purchasable product-type-simple\">\n\t<a href=\"https:\/\/wineembassy.co\/es\/product\/earthworks-cabernet-sauvignon\/\" class=\"woocommerce-LoopProduct-link woocommerce-loop-product__link\"><img fetchpriority=\"high\" decoding=\"async\" width=\"300\" height=\"300\" src=\"https:\/\/wineembassy.co\/wp-content\/uploads\/2023\/01\/Earthworks-Cabernet-Sauvign-300x300.jpg\" class=\"attachment-woocommerce_thumbnail size-woocommerce_thumbnail\" alt=\"Earthworks Cabernet Sauvignon\" srcset=\"https:\/\/wineembassy.co\/wp-content\/uploads\/2023\/01\/Earthworks-Cabernet-Sauvign-300x300.jpg 300w, https:\/\/wineembassy.co\/wp-content\/uploads\/2023\/01\/Earthworks-Cabernet-Sauvign-150x150.jpg 150w, https:\/\/wineembassy.co\/wp-content\/uploads\/2023\/01\/Earthworks-Cabernet-Sauvign-768x768.jpg 768w, https:\/\/wineembassy.co\/wp-content\/uploads\/2023\/01\/Earthworks-Cabernet-Sauvign-600x600.jpg 600w, https:\/\/wineembassy.co\/wp-content\/uploads\/2023\/01\/Earthworks-Cabernet-Sauvign-100x100.jpg 100w, https:\/\/wineembassy.co\/wp-content\/uploads\/2023\/01\/Earthworks-Cabernet-Sauvign-270x270.jpg 270w, https:\/\/wineembassy.co\/wp-content\/uploads\/2023\/01\/Earthworks-Cabernet-Sauvign-370x370.jpg 370w, https:\/\/wineembassy.co\/wp-content\/uploads\/2023\/01\/Earthworks-Cabernet-Sauvign-170x170.jpg 170w, https:\/\/wineembassy.co\/wp-content\/uploads\/2023\/01\/Earthworks-Cabernet-Sauvign.jpg 864w\" sizes=\"(max-width: 300px) 100vw, 300px\" \/><h2 class=\"woocommerce-loop-product__title\">Earthworks Cabernet Sauvignon<\/h2>\n\t<span class=\"price\"><span class=\"woocommerce-Price-amount amount\"><bdi><span class=\"woocommerce-Price-currencySymbol\">&#36;<\/span>24.40<\/bdi><\/span><\/span>\n<\/a><form action=\"\/es\/wp-json\/wp\/v2\/pages\/5418?add-to-cart=5110\" class=\"cart\" method=\"post\" enctype=\"multipart\/form-data\"><div class=\"quantity\">\n\t\t<label class=\"screen-reader-text\" for=\"quantity_69f2b4b544f9d\">Earthworks Cabernet Sauvignon cantidad<\/label>\n\t<input\n\t\ttype=\"number\"\n\t\t\t\tid=\"quantity_69f2b4b544f9d\"\n\t\tclass=\"input-text qty text\"\n\t\tname=\"quantity\"\n\t\tvalue=\"1\"\n\t\taria-label=\"Cantidad de productos\"\n\t\t\t\tmin=\"0\"\n\t\t\t\t\tmax=\"282\"\n\t\t\t\t\t\t\tstep=\"1\"\n\t\t\tplaceholder=\"\"\n\t\t\tinputmode=\"numeric\"\n\t\t\tautocomplete=\"off\"\n\t\t\t\/>\n\t<\/div>\n<button type=\"submit\" data-quantity=\"1\" data-product_id=\"5110\" class=\"button alt ajax_add_to_cart add_to_cart_button product_type_simple\">A\u00f1adir al carrito<\/button><\/form>\t<span id=\"woocommerce_loop_add_to_cart_link_describedby_5110\" class=\"screen-reader-text\">\n\t\t\t<\/span>\n<\/li>\n<li class=\"travel-monster-post latest_post product type-product post-5111 status-publish instock product_cat-earthworks product_cat-rojo product_cat-shiraz-blends has-post-thumbnail taxable shipping-taxable purchasable product-type-simple\">\n\t<a href=\"https:\/\/wineembassy.co\/es\/product\/earthworks-shiraz\/\" class=\"woocommerce-LoopProduct-link woocommerce-loop-product__link\"><img decoding=\"async\" width=\"300\" height=\"300\" src=\"https:\/\/wineembassy.co\/wp-content\/uploads\/2023\/01\/Earthworks-Shiraz-Bottle-I-300x300.jpg\" class=\"attachment-woocommerce_thumbnail size-woocommerce_thumbnail\" alt=\"Earthworks Shiraz\" srcset=\"https:\/\/wineembassy.co\/wp-content\/uploads\/2023\/01\/Earthworks-Shiraz-Bottle-I-300x300.jpg 300w, https:\/\/wineembassy.co\/wp-content\/uploads\/2023\/01\/Earthworks-Shiraz-Bottle-I-150x150.jpg 150w, https:\/\/wineembassy.co\/wp-content\/uploads\/2023\/01\/Earthworks-Shiraz-Bottle-I-768x768.jpg 768w, https:\/\/wineembassy.co\/wp-content\/uploads\/2023\/01\/Earthworks-Shiraz-Bottle-I-600x600.jpg 600w, https:\/\/wineembassy.co\/wp-content\/uploads\/2023\/01\/Earthworks-Shiraz-Bottle-I-100x100.jpg 100w, https:\/\/wineembassy.co\/wp-content\/uploads\/2023\/01\/Earthworks-Shiraz-Bottle-I-270x270.jpg 270w, https:\/\/wineembassy.co\/wp-content\/uploads\/2023\/01\/Earthworks-Shiraz-Bottle-I-370x370.jpg 370w, https:\/\/wineembassy.co\/wp-content\/uploads\/2023\/01\/Earthworks-Shiraz-Bottle-I-170x170.jpg 170w, https:\/\/wineembassy.co\/wp-content\/uploads\/2023\/01\/Earthworks-Shiraz-Bottle-I.jpg 864w\" sizes=\"(max-width: 300px) 100vw, 300px\" \/><h2 class=\"woocommerce-loop-product__title\">Earthworks Shiraz<\/h2>\n\t<span class=\"price\"><span class=\"woocommerce-Price-amount amount\"><bdi><span class=\"woocommerce-Price-currencySymbol\">&#36;<\/span>24.40<\/bdi><\/span><\/span>\n<\/a><form action=\"\/es\/wp-json\/wp\/v2\/pages\/5418?add-to-cart=5111\" class=\"cart\" method=\"post\" enctype=\"multipart\/form-data\"><div class=\"quantity\">\n\t\t<label class=\"screen-reader-text\" for=\"quantity_69f2b4b5469ea\">Earthworks Shiraz cantidad<\/label>\n\t<input\n\t\ttype=\"number\"\n\t\t\t\tid=\"quantity_69f2b4b5469ea\"\n\t\tclass=\"input-text qty text\"\n\t\tname=\"quantity\"\n\t\tvalue=\"1\"\n\t\taria-label=\"Cantidad de productos\"\n\t\t\t\tmin=\"0\"\n\t\t\t\t\tmax=\"288\"\n\t\t\t\t\t\t\tstep=\"1\"\n\t\t\tplaceholder=\"\"\n\t\t\tinputmode=\"numeric\"\n\t\t\tautocomplete=\"off\"\n\t\t\t\/>\n\t<\/div>\n<button type=\"submit\" data-quantity=\"1\" data-product_id=\"5111\" class=\"button alt ajax_add_to_cart add_to_cart_button product_type_simple\">A\u00f1adir al carrito<\/button><\/form>\t<span id=\"woocommerce_loop_add_to_cart_link_describedby_5111\" class=\"screen-reader-text\">\n\t\t\t<\/span>\n<\/li>\n<\/ul>\n<\/div><\/div>\n\t\t\t\t\t\t<\/div>\n\t\t\t\t<\/div>\n\t\t\t\t\t<\/div>\n\t\t<\/div>\n\t\t\t\t\t<\/div>\n\t\t<\/section>\n\t\t\t\t<\/div>\n\t\t","protected":false},"excerpt":{"rendered":"<p>Family owned and operated, Barossa Earthworks makes its wines from 100% Barossa grapes, grown on small family-owned vineyards. Using over 160 years of local wine knowledge, traditional winemaking methods. Earthworks Cabernet Sauvignon &#36;24.40 Earthworks Cabernet Sauvignon cantidad A\u00f1adir al carrito [&hellip;]<\/p>\n","protected":false},"author":1,"featured_media":0,"parent":0,"menu_order":0,"comment_status":"closed","ping_status":"closed","template":"","meta":{"footnotes":""},"class_list":["post-5418","page","type-page","status-publish","hentry","travel-monster-post","no-post-thumbnail","latest_post"],"_links":{"self":[{"href":"https:\/\/wineembassy.co\/es\/wp-json\/wp\/v2\/pages\/5418","targetHints":{"allow":["GET"]}}],"collection":[{"href":"https:\/\/wineembassy.co\/es\/wp-json\/wp\/v2\/pages"}],"about":[{"href":"https:\/\/wineembassy.co\/es\/wp-json\/wp\/v2\/types\/page"}],"author":[{"embeddable":true,"href":"https:\/\/wineembassy.co\/es\/wp-json\/wp\/v2\/users\/1"}],"replies":[{"embeddable":true,"href":"https:\/\/wineembassy.co\/es\/wp-json\/wp\/v2\/comments?post=5418"}],"version-history":[{"count":39,"href":"https:\/\/wineembassy.co\/es\/wp-json\/wp\/v2\/pages\/5418\/revisions"}],"predecessor-version":[{"id":6577,"href":"https:\/\/wineembassy.co\/es\/wp-json\/wp\/v2\/pages\/5418\/revisions\/6577"}],"wp:attachment":[{"href":"https:\/\/wineembassy.co\/es\/wp-json\/wp\/v2\/media?parent=5418"}],"curies":[{"name":"wp","href":"https:\/\/api.w.org\/{rel}","templated":true}]}}