{"id":26,"date":"2021-12-30T10:54:48","date_gmt":"2021-12-30T10:54:48","guid":{"rendered":"https:\/\/miniwebspanama.com\/wineembassy\/terms-and-conditions\/"},"modified":"2023-02-07T16:46:07","modified_gmt":"2023-02-07T16:46:07","slug":"terms-and-conditions","status":"publish","type":"page","link":"https:\/\/wineembassy.co\/es\/terminos-y-condiciones\/","title":{"rendered":"T\u00e9rminos y Condiciones"},"content":{"rendered":"\t\t<div data-elementor-type=\"wp-page\" data-elementor-id=\"26\" class=\"elementor elementor-26\">\n\t\t\t\t\t\t<section class=\"elementor-section elementor-top-section elementor-element elementor-element-074b39a elementor-section-boxed elementor-section-height-default elementor-section-height-default\" data-id=\"074b39a\" data-element_type=\"section\" data-e-type=\"section\">\n\t\t\t\t\t\t<div class=\"elementor-container elementor-column-gap-default\">\n\t\t\t\t\t<div class=\"elementor-column elementor-col-100 elementor-top-column elementor-element elementor-element-abd40b7\" data-id=\"abd40b7\" data-element_type=\"column\" data-e-type=\"column\">\n\t\t\t<div class=\"elementor-widget-wrap elementor-element-populated\">\n\t\t\t\t\t\t<div class=\"elementor-element elementor-element-44c6cdb elementor-widget elementor-widget-text-editor\" data-id=\"44c6cdb\" data-element_type=\"widget\" data-e-type=\"widget\" data-widget_type=\"text-editor.default\">\n\t\t\t\t<div class=\"elementor-widget-container\">\n\t\t\t\t\t\t\t\t\t<h3><strong>T\u00e9rminos y Condiciones<\/strong><\/h3>\t\t\t\t\t\t\t\t<\/div>\n\t\t\t\t<\/div>\n\t\t\t\t\t<\/div>\n\t\t<\/div>\n\t\t\t\t\t<\/div>\n\t\t<\/section>\n\t\t\t\t<section class=\"elementor-section elementor-top-section elementor-element elementor-element-5205dd7 elementor-section-boxed elementor-section-height-default elementor-section-height-default\" data-id=\"5205dd7\" data-element_type=\"section\" data-e-type=\"section\">\n\t\t\t\t\t\t<div class=\"elementor-container elementor-column-gap-default\">\n\t\t\t\t\t<div class=\"elementor-column elementor-col-100 elementor-top-column elementor-element elementor-element-28f7a1a\" data-id=\"28f7a1a\" data-element_type=\"column\" data-e-type=\"column\">\n\t\t\t<div class=\"elementor-widget-wrap elementor-element-populated\">\n\t\t\t\t\t\t<div class=\"elementor-element elementor-element-e36c52b elementor-widget elementor-widget-text-editor\" data-id=\"e36c52b\" data-element_type=\"widget\" data-e-type=\"widget\" data-widget_type=\"text-editor.default\">\n\t\t\t\t<div class=\"elementor-widget-container\">\n\t\t\t\t\t\t\t\t\t<p style=\"font-weight: 400;\"><strong>PRECIOS<\/strong><\/p><p style=\"font-weight: 400;\">Todos los precios indicados est\u00e1n sujetos a cambios sin previo aviso y est\u00e1n expresados en USD. Toda la informaci\u00f3n, como la cosecha y el contenido de alcohol, se basa en botellas, a menos que se indique lo contrario. Los precios en el sitio web son exclusivos de ITBMS.<\/p><p style=\"font-weight: 400;\"><strong>ORDEN<\/strong><\/p><p style=\"font-weight: 400;\">Todos los pedidos realizados antes de las 16:00 horas se entregar\u00e1n el siguiente d\u00eda laborable. Para todos los pedidos realizados despu\u00e9s de las 16:00 horas, la entrega se realizar\u00e1 en un plazo m\u00e1ximo de 48 horas.<\/p><p style=\"font-weight: 400;\"><strong>PAGO<\/strong><\/p><p style=\"font-weight: 400;\">El pago debe realizarse a trav\u00e9s de la p\u00e1gina web.<\/p><p style=\"font-weight: 400;\"><strong>ESTADO DE LA MERCANC\u00cdA<\/strong><\/p><p style=\"font-weight: 400;\">Las a\u00f1adas de vinos est\u00e1n sujetas a cambios sin previo aviso. La informaci\u00f3n sobre las a\u00f1adas actuales se puede obtener de nuestros representantes de ventas. Se aconseja a todos nuestros clientes que examinen todos los productos pedidos en el momento de la entrega. Cualquier rotura o discrepancia en las calidades o los art\u00edculos entregados debe comunicarse al personal de entrega y a nuestro servicio de atenci\u00f3n al cliente en el momento de la entrega.<\/p><p style=\"font-weight: 400;\"><strong>ENTREGA<\/strong><\/p><p style=\"font-weight: 400;\">La entrega es gratuita para pedidos de $ 200 o m\u00e1s. Para pedidos inferiores a $200, se aplica un cargo de env\u00edo de $5.00.<\/p>\t\t\t\t\t\t\t\t<\/div>\n\t\t\t\t<\/div>\n\t\t\t\t\t<\/div>\n\t\t<\/div>\n\t\t\t\t\t<\/div>\n\t\t<\/section>\n\t\t\t\t<\/div>\n\t\t","protected":false},"excerpt":{"rendered":"<p>Terms and Conditions PRICES All prices stated are subject to change without prior notice and are in USD. All information such as vintage and alcohol content is based per bottle, unless otherwise stated. Prices on the website are exclusive of [&hellip;]<\/p>\n","protected":false},"author":1,"featured_media":0,"parent":0,"menu_order":0,"comment_status":"closed","ping_status":"closed","template":"","meta":{"footnotes":""},"class_list":["post-26","page","type-page","status-publish","hentry","travel-monster-post","no-post-thumbnail","latest_post"],"_links":{"self":[{"href":"https:\/\/wineembassy.co\/es\/wp-json\/wp\/v2\/pages\/26","targetHints":{"allow":["GET"]}}],"collection":[{"href":"https:\/\/wineembassy.co\/es\/wp-json\/wp\/v2\/pages"}],"about":[{"href":"https:\/\/wineembassy.co\/es\/wp-json\/wp\/v2\/types\/page"}],"author":[{"embeddable":true,"href":"https:\/\/wineembassy.co\/es\/wp-json\/wp\/v2\/users\/1"}],"replies":[{"embeddable":true,"href":"https:\/\/wineembassy.co\/es\/wp-json\/wp\/v2\/comments?post=26"}],"version-history":[{"count":10,"href":"https:\/\/wineembassy.co\/es\/wp-json\/wp\/v2\/pages\/26\/revisions"}],"predecessor-version":[{"id":5617,"href":"https:\/\/wineembassy.co\/es\/wp-json\/wp\/v2\/pages\/26\/revisions\/5617"}],"wp:attachment":[{"href":"https:\/\/wineembassy.co\/es\/wp-json\/wp\/v2\/media?parent=26"}],"curies":[{"name":"wp","href":"https:\/\/api.w.org\/{rel}","templated":true}]}}