{"id":2255,"date":"2022-03-18T06:55:22","date_gmt":"2022-03-18T06:55:22","guid":{"rendered":"https:\/\/miniwebspanama.com\/wineembassy\/home-2\/"},"modified":"2023-03-12T17:02:39","modified_gmt":"2023-03-12T17:02:39","slug":"home-2","status":"publish","type":"page","link":"https:\/\/wineembassy.co\/es\/","title":{"rendered":"Inicio"},"content":{"rendered":"\t\t<div data-elementor-type=\"wp-page\" data-elementor-id=\"2255\" class=\"elementor elementor-2255\">\n\t\t\t\t\t\t<section class=\"elementor-section elementor-top-section elementor-element elementor-element-cd9923a elementor-section-full_width elementor-section-content-middle elementor-section-stretched elementor-section-height-default elementor-section-height-default\" data-id=\"cd9923a\" data-element_type=\"section\" data-e-type=\"section\" data-settings=\"{&quot;stretch_section&quot;:&quot;section-stretched&quot;}\">\n\t\t\t\t\t\t<div class=\"elementor-container elementor-column-gap-no\">\n\t\t\t\t\t<div class=\"elementor-column elementor-col-100 elementor-top-column elementor-element elementor-element-d62e998\" data-id=\"d62e998\" data-element_type=\"column\" data-e-type=\"column\">\n\t\t\t<div class=\"elementor-widget-wrap elementor-element-populated\">\n\t\t\t\t\t\t<div class=\"elementor-element elementor-element-1d2fcbc elementor-hidden-tablet elementor-hidden-mobile elementor-widget elementor-widget-shortcode\" data-id=\"1d2fcbc\" data-element_type=\"widget\" data-e-type=\"widget\" data-widget_type=\"shortcode.default\">\n\t\t\t\t<div class=\"elementor-widget-container\">\n\t\t\t\t\t\t\t<div class=\"elementor-shortcode\"><\/div>\n\t\t\t\t\t\t<\/div>\n\t\t\t\t<\/div>\n\t\t\t\t<div class=\"elementor-element elementor-element-19bd2fb elementor-hidden-desktop elementor-hidden-laptop elementor-widget elementor-widget-shortcode\" data-id=\"19bd2fb\" data-element_type=\"widget\" data-e-type=\"widget\" data-widget_type=\"shortcode.default\">\n\t\t\t\t<div class=\"elementor-widget-container\">\n\t\t\t\t\t\t\t<div class=\"elementor-shortcode\"><\/div>\n\t\t\t\t\t\t<\/div>\n\t\t\t\t<\/div>\n\t\t\t\t\t<\/div>\n\t\t<\/div>\n\t\t\t\t\t<\/div>\n\t\t<\/section>\n\t\t\t\t<section class=\"elementor-section elementor-top-section elementor-element elementor-element-479d6acb elementor-section-full_width elementor-section-height-default elementor-section-height-default\" data-id=\"479d6acb\" data-element_type=\"section\" data-e-type=\"section\" data-settings=\"{&quot;background_background&quot;:&quot;gradient&quot;}\">\n\t\t\t\t\t\t<div class=\"elementor-container elementor-column-gap-default\">\n\t\t\t\t\t<div class=\"elementor-column elementor-col-100 elementor-top-column elementor-element elementor-element-73408327\" data-id=\"73408327\" data-element_type=\"column\" data-e-type=\"column\">\n\t\t\t<div class=\"elementor-widget-wrap elementor-element-populated\">\n\t\t\t\t\t\t<div class=\"elementor-element elementor-element-c309be3 elementor-widget elementor-widget-heading\" data-id=\"c309be3\" data-element_type=\"widget\" data-e-type=\"widget\" data-widget_type=\"heading.default\">\n\t\t\t\t<div class=\"elementor-widget-container\">\n\t\t\t\t\t<h2 class=\"elementor-heading-title elementor-size-default\">Importador Especialista de Vinos de Australia y Nueva Zelanda<\/h2>\t\t\t\t<\/div>\n\t\t\t\t<\/div>\n\t\t\t\t<div class=\"elementor-element elementor-element-206b03e elementor-widget elementor-widget-text-editor\" data-id=\"206b03e\" data-element_type=\"widget\" data-e-type=\"widget\" data-widget_type=\"text-editor.default\">\n\t\t\t\t<div class=\"elementor-widget-container\">\n\t\t\t\t\t\t\t\t\t<p>Wine Embassy se complace en presentar nuestra cartera de vinos boutique de Australia y Nueva Zelanda por primera vez en Panam\u00e1. Estos vinos premiados son excelentes ejemplos de los estilos y varietales que se producen para reconocimiento y disfrute en todo el mundo. Nuestra gama continuar\u00e1 creciendo r\u00e1pidamente a medida que los amantes del vino en Panam\u00e1 descubran los vinos de A Land Down Under.<\/p>\t\t\t\t\t\t\t\t<\/div>\n\t\t\t\t<\/div>\n\t\t\t\t<div class=\"elementor-element elementor-element-7c09aca elementor-widget elementor-widget-image\" data-id=\"7c09aca\" data-element_type=\"widget\" data-e-type=\"widget\" data-widget_type=\"image.default\">\n\t\t\t\t<div class=\"elementor-widget-container\">\n\t\t\t\t\t\t\t\t\t\t\t\t\t\t\t<img fetchpriority=\"high\" decoding=\"async\" width=\"1024\" height=\"332\" src=\"https:\/\/wineembassy.co\/wp-content\/uploads\/2023\/02\/Opera-house-1024x332.jpg\" class=\"attachment-large size-large wp-image-5185\" alt=\"\" srcset=\"https:\/\/wineembassy.co\/wp-content\/uploads\/2023\/02\/Opera-house-1024x332.jpg 1024w, https:\/\/wineembassy.co\/wp-content\/uploads\/2023\/02\/Opera-house-300x97.jpg 300w, https:\/\/wineembassy.co\/wp-content\/uploads\/2023\/02\/Opera-house-768x249.jpg 768w, https:\/\/wineembassy.co\/wp-content\/uploads\/2023\/02\/Opera-house-600x194.jpg 600w, https:\/\/wineembassy.co\/wp-content\/uploads\/2023\/02\/Opera-house-1536x498.jpg 1536w, https:\/\/wineembassy.co\/wp-content\/uploads\/2023\/02\/Opera-house.jpg 1654w\" sizes=\"(max-width: 1024px) 100vw, 1024px\" \/>\t\t\t\t\t\t\t\t\t\t\t\t\t\t\t<\/div>\n\t\t\t\t<\/div>\n\t\t\t\t\t<\/div>\n\t\t<\/div>\n\t\t\t\t\t<\/div>\n\t\t<\/section>\n\t\t\t\t<section class=\"elementor-section elementor-top-section elementor-element elementor-element-519a1c3 elementor-section-full_width elementor-section-height-default elementor-section-height-default\" data-id=\"519a1c3\" data-element_type=\"section\" data-e-type=\"section\" data-settings=\"{&quot;background_background&quot;:&quot;classic&quot;}\">\n\t\t\t\t\t\t<div class=\"elementor-container elementor-column-gap-default\">\n\t\t\t\t\t<div class=\"elementor-column elementor-col-100 elementor-top-column elementor-element elementor-element-0eeaca2\" data-id=\"0eeaca2\" data-element_type=\"column\" data-e-type=\"column\">\n\t\t\t<div class=\"elementor-widget-wrap elementor-element-populated\">\n\t\t\t\t\t\t<div class=\"elementor-element elementor-element-6f84418 elementor-widget elementor-widget-heading\" data-id=\"6f84418\" data-element_type=\"widget\" data-e-type=\"widget\" data-widget_type=\"heading.default\">\n\t\t\t\t<div class=\"elementor-widget-container\">\n\t\t\t\t\t<h2 class=\"elementor-heading-title elementor-size-default\">Bodegas que Importamos Exclusivamente<\/h2>\t\t\t\t<\/div>\n\t\t\t\t<\/div>\n\t\t\t\t<div class=\"elementor-element elementor-element-89ad638 elementor-widget elementor-widget-image-carousel\" data-id=\"89ad638\" data-element_type=\"widget\" data-e-type=\"widget\" data-settings=\"{&quot;slides_to_show&quot;:&quot;5&quot;,&quot;navigation&quot;:&quot;none&quot;,&quot;autoplay_speed&quot;:3000,&quot;slides_to_show_mobile&quot;:&quot;4&quot;,&quot;autoplay&quot;:&quot;yes&quot;,&quot;pause_on_hover&quot;:&quot;yes&quot;,&quot;pause_on_interaction&quot;:&quot;yes&quot;,&quot;infinite&quot;:&quot;yes&quot;,&quot;speed&quot;:500}\" data-widget_type=\"image-carousel.default\">\n\t\t\t\t<div class=\"elementor-widget-container\">\n\t\t\t\t\t\t\t<div class=\"elementor-image-carousel-wrapper swiper\" role=\"region\" aria-roledescription=\"carousel\" aria-label=\"Carrusel de im\u00e1genes\" dir=\"ltr\">\n\t\t\t<div class=\"elementor-image-carousel swiper-wrapper\" aria-live=\"off\">\n\t\t\t\t\t\t\t\t<div class=\"swiper-slide\" role=\"group\" aria-roledescription=\"slide\" aria-label=\"1 de 9\"><figure class=\"swiper-slide-inner\"><img decoding=\"async\" class=\"swiper-slide-image\" src=\"https:\/\/wineembassy.co\/wp-content\/uploads\/elementor\/thumbs\/logo-earthworks-q1ys4hvst8cs4pqm1tjkfdp3ludkqboa9u8nbpyazw.jpg\" alt=\"logo-earthworks\" \/><\/figure><\/div><div class=\"swiper-slide\" role=\"group\" aria-roledescription=\"slide\" aria-label=\"2 de 9\"><figure class=\"swiper-slide-inner\"><img decoding=\"async\" class=\"swiper-slide-image\" src=\"https:\/\/wineembassy.co\/wp-content\/uploads\/elementor\/thumbs\/logo-oxfordlanding-q1ys4hvst8cs4pqm1tjkfdp3ludkqboa9u8nbpyazw.jpg\" alt=\"logo-oxfordlanding\" \/><\/figure><\/div><div class=\"swiper-slide\" role=\"group\" aria-roledescription=\"slide\" aria-label=\"3 de 9\"><figure class=\"swiper-slide-inner\"><img decoding=\"async\" class=\"swiper-slide-image\" src=\"https:\/\/wineembassy.co\/wp-content\/uploads\/elementor\/thumbs\/logo-pikes-q1ys4hvst8cs4pqm1tjkfdp3ludkqboa9u8nbpyazw.jpg\" alt=\"logo-pikes\" \/><\/figure><\/div><div class=\"swiper-slide\" role=\"group\" aria-roledescription=\"slide\" aria-label=\"4 de 9\"><figure class=\"swiper-slide-inner\"><img decoding=\"async\" class=\"swiper-slide-image\" src=\"https:\/\/wineembassy.co\/wp-content\/uploads\/elementor\/thumbs\/logo-twin-island-q1ys4hvst8cs4pqm1tjkfdp3ludkqboa9u8nbpyazw.jpg\" alt=\"logo-twin-island\" \/><\/figure><\/div><div class=\"swiper-slide\" role=\"group\" aria-roledescription=\"slide\" aria-label=\"5 de 9\"><figure class=\"swiper-slide-inner\"><img decoding=\"async\" class=\"swiper-slide-image\" src=\"https:\/\/wineembassy.co\/wp-content\/uploads\/elementor\/thumbs\/logo-thebetterhalf-q1ys4hvst8cs4pqm1tjkfdp3ludkqboa9u8nbpyazw.jpg\" alt=\"logo-thebetterhalf\" \/><\/figure><\/div><div class=\"swiper-slide\" role=\"group\" aria-roledescription=\"slide\" aria-label=\"6 de 9\"><figure class=\"swiper-slide-inner\"><img decoding=\"async\" class=\"swiper-slide-image\" src=\"https:\/\/wineembassy.co\/wp-content\/uploads\/elementor\/thumbs\/hayshedhill-q1ys4hvst8cs4pqm1tjkfdp3ludkqboa9u8nbpyazw.jpg\" alt=\"hayshedhill\" \/><\/figure><\/div><div class=\"swiper-slide\" role=\"group\" aria-roledescription=\"slide\" aria-label=\"7 de 9\"><figure class=\"swiper-slide-inner\"><img decoding=\"async\" class=\"swiper-slide-image\" src=\"https:\/\/wineembassy.co\/wp-content\/uploads\/elementor\/thumbs\/yalumba-q1ys4hvst8cs4pqm1tjkfdp3ludkqboa9u8nbpyazw.jpg\" alt=\"yalumba\" \/><\/figure><\/div><div class=\"swiper-slide\" role=\"group\" aria-roledescription=\"slide\" aria-label=\"8 de 9\"><figure class=\"swiper-slide-inner\"><img decoding=\"async\" class=\"swiper-slide-image\" src=\"https:\/\/wineembassy.co\/wp-content\/uploads\/elementor\/thumbs\/yalumba-y-series-q1ys4hvst8cs4pqm1tjkfdp3ludkqboa9u8nbpyazw.jpg\" alt=\"yalumba-y-series\" \/><\/figure><\/div><div class=\"swiper-slide\" role=\"group\" aria-roledescription=\"slide\" aria-label=\"9 de 9\"><figure class=\"swiper-slide-inner\"><img decoding=\"async\" class=\"swiper-slide-image\" src=\"https:\/\/wineembassy.co\/wp-content\/uploads\/elementor\/thumbs\/yalumba-d-series-q1ys4hvst8cs4pqm1tjkfdp3ludkqboa9u8nbpyazw.jpg\" alt=\"yalumba-d-series\" \/><\/figure><\/div>\t\t\t<\/div>\n\t\t\t\t\t\t\t\n\t\t\t\t\t\t\t\t\t<\/div>\n\t\t\t\t\t\t<\/div>\n\t\t\t\t<\/div>\n\t\t\t\t\t<\/div>\n\t\t<\/div>\n\t\t\t\t\t<\/div>\n\t\t<\/section>\n\t\t\t\t<section class=\"elementor-section elementor-top-section elementor-element elementor-element-5b94c204 elementor-section-boxed elementor-section-height-default elementor-section-height-default\" data-id=\"5b94c204\" data-element_type=\"section\" data-e-type=\"section\">\n\t\t\t\t\t\t<div class=\"elementor-container elementor-column-gap-default\">\n\t\t\t\t\t<div class=\"elementor-column elementor-col-100 elementor-top-column elementor-element elementor-element-7474d74\" data-id=\"7474d74\" data-element_type=\"column\" data-e-type=\"column\">\n\t\t\t<div class=\"elementor-widget-wrap elementor-element-populated\">\n\t\t\t\t\t\t<div class=\"elementor-element elementor-element-165ac8e4 elementor-widget__width-initial elementor-absolute elementor-hidden-tablet elementor-hidden-mobile elementor-hidden-laptop elementor-widget elementor-widget-image\" data-id=\"165ac8e4\" data-element_type=\"widget\" data-e-type=\"widget\" data-settings=\"{&quot;_position&quot;:&quot;absolute&quot;}\" data-widget_type=\"image.default\">\n\t\t\t\t<div class=\"elementor-widget-container\">\n\t\t\t\t\t\t\t\t\t\t\t\t\t\t\t<img decoding=\"async\" width=\"480\" height=\"419\" src=\"https:\/\/wineembassy.co\/wp-content\/uploads\/2022\/09\/bg-item.png\" class=\"attachment-large size-large wp-image-3352\" alt=\"\" srcset=\"https:\/\/wineembassy.co\/wp-content\/uploads\/2022\/09\/bg-item.png 480w, https:\/\/wineembassy.co\/wp-content\/uploads\/2022\/09\/bg-item-300x262.png 300w\" sizes=\"(max-width: 480px) 100vw, 480px\" \/>\t\t\t\t\t\t\t\t\t\t\t\t\t\t\t<\/div>\n\t\t\t\t<\/div>\n\t\t\t\t\t<\/div>\n\t\t<\/div>\n\t\t\t\t\t<\/div>\n\t\t<\/section>\n\t\t\t\t<\/div>\n\t\t","protected":false},"excerpt":{"rendered":"<p>Specialist Importer of Wines from Australia and New Zealand\u200b Wine Embassy is pleased to introduce our portfolio of boutique wines from Australia and New Zealand for the first time to Panama. These award-winning wines are excellent examples of the styles [&hellip;]<\/p>\n","protected":false},"author":1,"featured_media":0,"parent":0,"menu_order":0,"comment_status":"closed","ping_status":"closed","template":"elementor_header_footer","meta":{"footnotes":""},"class_list":["post-2255","page","type-page","status-publish","hentry","travel-monster-post","no-post-thumbnail","latest_post"],"_links":{"self":[{"href":"https:\/\/wineembassy.co\/es\/wp-json\/wp\/v2\/pages\/2255","targetHints":{"allow":["GET"]}}],"collection":[{"href":"https:\/\/wineembassy.co\/es\/wp-json\/wp\/v2\/pages"}],"about":[{"href":"https:\/\/wineembassy.co\/es\/wp-json\/wp\/v2\/types\/page"}],"author":[{"embeddable":true,"href":"https:\/\/wineembassy.co\/es\/wp-json\/wp\/v2\/users\/1"}],"replies":[{"embeddable":true,"href":"https:\/\/wineembassy.co\/es\/wp-json\/wp\/v2\/comments?post=2255"}],"version-history":[{"count":475,"href":"https:\/\/wineembassy.co\/es\/wp-json\/wp\/v2\/pages\/2255\/revisions"}],"predecessor-version":[{"id":6542,"href":"https:\/\/wineembassy.co\/es\/wp-json\/wp\/v2\/pages\/2255\/revisions\/6542"}],"wp:attachment":[{"href":"https:\/\/wineembassy.co\/es\/wp-json\/wp\/v2\/media?parent=2255"}],"curies":[{"name":"wp","href":"https:\/\/api.w.org\/{rel}","templated":true}]}}